{"id":8,"date":"2012-04-27T09:46:44","date_gmt":"2012-04-27T09:46:44","guid":{"rendered":"http:\/\/www.youznagold.de\/YOUZ2012\/wordpress\/?page_id=8"},"modified":"2026-02-27T08:23:42","modified_gmt":"2026-02-27T07:23:42","slug":"kinderkiste","status":"publish","type":"page","link":"https:\/\/www.youznagold.de\/YOUZ2012\/wordpress\/?page_id=8","title":{"rendered":"Kinderkiste"},"content":{"rendered":"<p>Seit 2009 organisiert die Kinderkiste die Betreuung der Grundschulkinder der Zellerschule gemeinsam mit den Lehrkr\u00e4ften und anderen Bildungstr\u00e4gern.<\/p>\n<p>Anmeldungen erfolgen direkt \u00fcber die Zellerschule Nagold.<br \/>\nHier finden Sie auch ausf\u00fchrliche Informationen:<br \/>\n<a href=\"https:\/\/zellerschule-nagold.de\/grundschule-gt\/allgemeines\/\" target=\"_blank\" rel=\"noopener\">https:\/\/zellerschule-nagold.de\/grundschule-gt\/allgemeines\/<\/a><\/p>\n<p>&nbsp;<\/p>\n<p><a href=\"https:\/\/www.youznagold.de\/YOUZ2012\/wordpress\/wp-content\/uploads\/2023\/02\/Agnes-Oliveira.jpg\"><img loading=\"lazy\" decoding=\"async\" class=\"alignleft wp-image-5417\" src=\"https:\/\/www.youznagold.de\/YOUZ2012\/wordpress\/wp-content\/uploads\/2023\/02\/Agnes-Oliveira.jpg\" alt=\"\" width=\"200\" height=\"267\"><\/a><strong>Agnes Oliveira<\/strong><br \/>\nLeitung Kinderkiste&nbsp;<\/p>\n<p>Europaplatz 1<br \/>\n72202 Nagold<\/p>\n<p>Telefon in der Zellerschule: 07452 &#8211; 845729<br \/>\n<a href=\"mailto:Betreuung@zellerschule-nagold.de\">Betreuung@zellerschule-nagold.de<\/a><\/p>\n<p>&nbsp;<\/p>\n<p>&nbsp;<\/p>\n<p><strong>Unsere aktuellen BFD im SChuljahr 2025\/2026:<\/strong><\/p>\n<p><a href=\"https:\/\/www.youznagold.de\/YOUZ2012\/wordpress\/wp-content\/uploads\/2025\/10\/BFD25-26-scaled.jpg\"><img loading=\"lazy\" decoding=\"async\" class=\"alignleft size-full wp-image-6069\" src=\"https:\/\/www.youznagold.de\/YOUZ2012\/wordpress\/wp-content\/uploads\/2025\/10\/BFD25-26-scaled.jpg\" alt=\"\" width=\"2560\" height=\"1709\" srcset=\"https:\/\/www.youznagold.de\/YOUZ2012\/wordpress\/wp-content\/uploads\/2025\/10\/BFD25-26-scaled.jpg 2560w, https:\/\/www.youznagold.de\/YOUZ2012\/wordpress\/wp-content\/uploads\/2025\/10\/BFD25-26-300x200.jpg 300w, https:\/\/www.youznagold.de\/YOUZ2012\/wordpress\/wp-content\/uploads\/2025\/10\/BFD25-26-1024x684.jpg 1024w, https:\/\/www.youznagold.de\/YOUZ2012\/wordpress\/wp-content\/uploads\/2025\/10\/BFD25-26-768x513.jpg 768w, https:\/\/www.youznagold.de\/YOUZ2012\/wordpress\/wp-content\/uploads\/2025\/10\/BFD25-26-1536x1025.jpg 1536w, https:\/\/www.youznagold.de\/YOUZ2012\/wordpress\/wp-content\/uploads\/2025\/10\/BFD25-26-2048x1367.jpg 2048w, https:\/\/www.youznagold.de\/YOUZ2012\/wordpress\/wp-content\/uploads\/2025\/10\/BFD25-26-660x441.jpg 660w, https:\/\/www.youznagold.de\/YOUZ2012\/wordpress\/wp-content\/uploads\/2025\/10\/BFD25-26-240x160.jpg 240w\" sizes=\"auto, (max-width: 2560px) 100vw, 2560px\" \/><\/a><\/p>\n<h2>&nbsp;<\/h2>\n<h2>Das Team der Kinderkiste:<\/h2>\n<h2><a href=\"https:\/\/www.youznagold.de\/YOUZ2012\/wordpress\/wp-content\/uploads\/2026\/01\/KIKI-Team-Jan-26-scaled.jpg\"><img loading=\"lazy\" decoding=\"async\" class=\"alignleft size-full wp-image-6142\" src=\"https:\/\/www.youznagold.de\/YOUZ2012\/wordpress\/wp-content\/uploads\/2026\/01\/KIKI-Team-Jan-26-scaled.jpg\" alt=\"\" width=\"2560\" height=\"1734\" srcset=\"https:\/\/www.youznagold.de\/YOUZ2012\/wordpress\/wp-content\/uploads\/2026\/01\/KIKI-Team-Jan-26-scaled.jpg 2560w, https:\/\/www.youznagold.de\/YOUZ2012\/wordpress\/wp-content\/uploads\/2026\/01\/KIKI-Team-Jan-26-300x203.jpg 300w, https:\/\/www.youznagold.de\/YOUZ2012\/wordpress\/wp-content\/uploads\/2026\/01\/KIKI-Team-Jan-26-1024x693.jpg 1024w, https:\/\/www.youznagold.de\/YOUZ2012\/wordpress\/wp-content\/uploads\/2026\/01\/KIKI-Team-Jan-26-768x520.jpg 768w, https:\/\/www.youznagold.de\/YOUZ2012\/wordpress\/wp-content\/uploads\/2026\/01\/KIKI-Team-Jan-26-1536x1040.jpg 1536w, https:\/\/www.youznagold.de\/YOUZ2012\/wordpress\/wp-content\/uploads\/2026\/01\/KIKI-Team-Jan-26-2048x1387.jpg 2048w, https:\/\/www.youznagold.de\/YOUZ2012\/wordpress\/wp-content\/uploads\/2026\/01\/KIKI-Team-Jan-26-660x447.jpg 660w, https:\/\/www.youznagold.de\/YOUZ2012\/wordpress\/wp-content\/uploads\/2026\/01\/KIKI-Team-Jan-26-240x163.jpg 240w\" sizes=\"auto, (max-width: 2560px) 100vw, 2560px\" \/><\/a><\/h2>\n<h2><strong>Ferienbetreuung<\/strong><\/h2>\n<p>Die Kinderkiste bietet in folgenden Ferienwochen ein Programm f\u00fcr Grundschulkinder der Zellerschule an:<\/p>\n<ul>\n<li>Faschings- bzw. Winterferien<\/li>\n<li>Erste Pfingstferienwoche<\/li>\n<li>Herbstferien<br \/>\n(An gesetzlichen Feiertagen in den Ferien findet keine Betreuung statt)<\/li>\n<\/ul>\n<p>Neben tollen Sport- und Kreativangeboten im Youz, gibt es immer wieder Ausfl\u00fcge w\u00e4hrend des Ferienprogramms.<br \/>\nSo besuchten die Kinder beispielsweise in den letzten Ferienprogrammen die Wilhelma in Stuttgart, den Gasometer in Pforzheim, das Mercedes-Benz-Museum in Stuttgart, den Wildpark in Pforzheim und waren Schlittschuhlaufen im Polarion in Bad Liebenzell.<\/p>\n<p>Es gibt an jedem Tag ein gemeinsames Fr\u00fchst\u00fcck und bei Angeboten im Youz gibt es auch ein gemeinsames Mittagessen.<br \/>\nDie Betreuungszeit ist grunds\u00e4tzlich von 08:00 Uhr bis 14:00 Uhr (bei Ausfl\u00fcgen punktuell auch l\u00e4nger).<\/p>\n<p>Das gesamte Ferienbetreuungsangebot f\u00fcr Nagolder Schulkinder und auch die Anmeldem\u00f6glichkeiten finden Sie unter:<strong>&nbsp;<a href=\"https:\/\/www.youznagold.de\/YOUZ2012\/wordpress\/?page_id=5318\">SCHULFERIENBETREUUNG<\/a><\/strong><\/p>\n<p>&nbsp;<\/p>\n<p><a href=\"https:\/\/www.youznagold.de\/YOUZ2012\/wordpress\/wp-content\/uploads\/2026\/02\/Schwabo-KIKI-Faschingsprogramm-26.jpg\"><img loading=\"lazy\" decoding=\"async\" class=\"alignleft size-full wp-image-6217\" src=\"https:\/\/www.youznagold.de\/YOUZ2012\/wordpress\/wp-content\/uploads\/2026\/02\/Schwabo-KIKI-Faschingsprogramm-26.jpg\" alt=\"\" width=\"1403\" height=\"679\" srcset=\"https:\/\/www.youznagold.de\/YOUZ2012\/wordpress\/wp-content\/uploads\/2026\/02\/Schwabo-KIKI-Faschingsprogramm-26.jpg 1403w, https:\/\/www.youznagold.de\/YOUZ2012\/wordpress\/wp-content\/uploads\/2026\/02\/Schwabo-KIKI-Faschingsprogramm-26-300x145.jpg 300w, https:\/\/www.youznagold.de\/YOUZ2012\/wordpress\/wp-content\/uploads\/2026\/02\/Schwabo-KIKI-Faschingsprogramm-26-1024x496.jpg 1024w, https:\/\/www.youznagold.de\/YOUZ2012\/wordpress\/wp-content\/uploads\/2026\/02\/Schwabo-KIKI-Faschingsprogramm-26-768x372.jpg 768w, https:\/\/www.youznagold.de\/YOUZ2012\/wordpress\/wp-content\/uploads\/2026\/02\/Schwabo-KIKI-Faschingsprogramm-26-660x319.jpg 660w, https:\/\/www.youznagold.de\/YOUZ2012\/wordpress\/wp-content\/uploads\/2026\/02\/Schwabo-KIKI-Faschingsprogramm-26-240x116.jpg 240w\" sizes=\"auto, (max-width: 1403px) 100vw, 1403px\" \/><\/a><\/p>\n<p><a href=\"https:\/\/www.youznagold.de\/YOUZ2012\/wordpress\/wp-content\/uploads\/2023\/02\/2023-02-Fasching-scaled.jpg\"><img loading=\"lazy\" decoding=\"async\" class=\"alignleft size-large wp-image-5442\" src=\"https:\/\/www.youznagold.de\/YOUZ2012\/wordpress\/wp-content\/uploads\/2023\/02\/2023-02-Fasching-1024x718.jpg\" alt=\"\" width=\"620\" height=\"435\" srcset=\"https:\/\/www.youznagold.de\/YOUZ2012\/wordpress\/wp-content\/uploads\/2023\/02\/2023-02-Fasching-1024x718.jpg 1024w, https:\/\/www.youznagold.de\/YOUZ2012\/wordpress\/wp-content\/uploads\/2023\/02\/2023-02-Fasching-300x210.jpg 300w, https:\/\/www.youznagold.de\/YOUZ2012\/wordpress\/wp-content\/uploads\/2023\/02\/2023-02-Fasching-768x538.jpg 768w, https:\/\/www.youznagold.de\/YOUZ2012\/wordpress\/wp-content\/uploads\/2023\/02\/2023-02-Fasching-1536x1077.jpg 1536w, https:\/\/www.youznagold.de\/YOUZ2012\/wordpress\/wp-content\/uploads\/2023\/02\/2023-02-Fasching-2048x1435.jpg 2048w, https:\/\/www.youznagold.de\/YOUZ2012\/wordpress\/wp-content\/uploads\/2023\/02\/2023-02-Fasching-660x463.jpg 660w, https:\/\/www.youznagold.de\/YOUZ2012\/wordpress\/wp-content\/uploads\/2023\/02\/2023-02-Fasching-240x168.jpg 240w\" sizes=\"auto, (max-width: 620px) 100vw, 620px\" \/><\/a><\/p>\n<p><a href=\"https:\/\/www.youznagold.de\/YOUZ2012\/wordpress\/wp-content\/uploads\/2022\/06\/2022-06-13-Kiki-scaled.jpg\"><img loading=\"lazy\" decoding=\"async\" class=\"aligncenter size-full wp-image-5158\" src=\"https:\/\/www.youznagold.de\/YOUZ2012\/wordpress\/wp-content\/uploads\/2022\/06\/2022-06-13-Kiki-scaled.jpg\" alt=\"\" width=\"2560\" height=\"2237\" srcset=\"https:\/\/www.youznagold.de\/YOUZ2012\/wordpress\/wp-content\/uploads\/2022\/06\/2022-06-13-Kiki-scaled.jpg 2560w, https:\/\/www.youznagold.de\/YOUZ2012\/wordpress\/wp-content\/uploads\/2022\/06\/2022-06-13-Kiki-300x262.jpg 300w, https:\/\/www.youznagold.de\/YOUZ2012\/wordpress\/wp-content\/uploads\/2022\/06\/2022-06-13-Kiki-1024x895.jpg 1024w, https:\/\/www.youznagold.de\/YOUZ2012\/wordpress\/wp-content\/uploads\/2022\/06\/2022-06-13-Kiki-768x671.jpg 768w, https:\/\/www.youznagold.de\/YOUZ2012\/wordpress\/wp-content\/uploads\/2022\/06\/2022-06-13-Kiki-1536x1342.jpg 1536w, https:\/\/www.youznagold.de\/YOUZ2012\/wordpress\/wp-content\/uploads\/2022\/06\/2022-06-13-Kiki-2048x1790.jpg 2048w, https:\/\/www.youznagold.de\/YOUZ2012\/wordpress\/wp-content\/uploads\/2022\/06\/2022-06-13-Kiki-660x577.jpg 660w, https:\/\/www.youznagold.de\/YOUZ2012\/wordpress\/wp-content\/uploads\/2022\/06\/2022-06-13-Kiki-240x210.jpg 240w\" sizes=\"auto, (max-width: 2560px) 100vw, 2560px\" \/><\/a><\/p>\n<p><a href=\"https:\/\/www.youznagold.de\/YOUZ2012\/wordpress\/wp-content\/uploads\/2021\/11\/2021-11-KIKI-Herbstferienprogramm--scaled.jpg\"><img loading=\"lazy\" decoding=\"async\" class=\"aligncenter size-full wp-image-5017\" src=\"https:\/\/www.youznagold.de\/YOUZ2012\/wordpress\/wp-content\/uploads\/2021\/11\/2021-11-KIKI-Herbstferienprogramm--scaled.jpg\" alt=\"\" width=\"1663\" height=\"2560\" srcset=\"https:\/\/www.youznagold.de\/YOUZ2012\/wordpress\/wp-content\/uploads\/2021\/11\/2021-11-KIKI-Herbstferienprogramm--scaled.jpg 1663w, https:\/\/www.youznagold.de\/YOUZ2012\/wordpress\/wp-content\/uploads\/2021\/11\/2021-11-KIKI-Herbstferienprogramm--195x300.jpg 195w, https:\/\/www.youznagold.de\/YOUZ2012\/wordpress\/wp-content\/uploads\/2021\/11\/2021-11-KIKI-Herbstferienprogramm--665x1024.jpg 665w, https:\/\/www.youznagold.de\/YOUZ2012\/wordpress\/wp-content\/uploads\/2021\/11\/2021-11-KIKI-Herbstferienprogramm--768x1182.jpg 768w, https:\/\/www.youznagold.de\/YOUZ2012\/wordpress\/wp-content\/uploads\/2021\/11\/2021-11-KIKI-Herbstferienprogramm--998x1536.jpg 998w, https:\/\/www.youznagold.de\/YOUZ2012\/wordpress\/wp-content\/uploads\/2021\/11\/2021-11-KIKI-Herbstferienprogramm--1330x2048.jpg 1330w, https:\/\/www.youznagold.de\/YOUZ2012\/wordpress\/wp-content\/uploads\/2021\/11\/2021-11-KIKI-Herbstferienprogramm--660x1016.jpg 660w, https:\/\/www.youznagold.de\/YOUZ2012\/wordpress\/wp-content\/uploads\/2021\/11\/2021-11-KIKI-Herbstferienprogramm--240x370.jpg 240w\" sizes=\"auto, (max-width: 1663px) 100vw, 1663px\" \/><\/a><\/p>\n<p><a href=\"https:\/\/www.youznagold.de\/YOUZ2012\/wordpress\/wp-content\/uploads\/2020\/04\/2018-02-13_Kiki_Programm.jpg\"><img loading=\"lazy\" decoding=\"async\" class=\"aligncenter size-full wp-image-4543\" src=\"https:\/\/www.youznagold.de\/YOUZ2012\/wordpress\/wp-content\/uploads\/2020\/04\/2018-02-13_Kiki_Programm.jpg\" alt=\"\" width=\"1159\" height=\"1200\" srcset=\"https:\/\/www.youznagold.de\/YOUZ2012\/wordpress\/wp-content\/uploads\/2020\/04\/2018-02-13_Kiki_Programm.jpg 1159w, https:\/\/www.youznagold.de\/YOUZ2012\/wordpress\/wp-content\/uploads\/2020\/04\/2018-02-13_Kiki_Programm-290x300.jpg 290w, https:\/\/www.youznagold.de\/YOUZ2012\/wordpress\/wp-content\/uploads\/2020\/04\/2018-02-13_Kiki_Programm-989x1024.jpg 989w, https:\/\/www.youznagold.de\/YOUZ2012\/wordpress\/wp-content\/uploads\/2020\/04\/2018-02-13_Kiki_Programm-768x795.jpg 768w, https:\/\/www.youznagold.de\/YOUZ2012\/wordpress\/wp-content\/uploads\/2020\/04\/2018-02-13_Kiki_Programm-660x683.jpg 660w, https:\/\/www.youznagold.de\/YOUZ2012\/wordpress\/wp-content\/uploads\/2020\/04\/2018-02-13_Kiki_Programm-240x248.jpg 240w\" sizes=\"auto, (max-width: 1159px) 100vw, 1159px\" \/><\/a><\/p>\n","protected":false},"excerpt":{"rendered":"<p>Seit 2009 organisiert die Kinderkiste die Betreuung der Grundschulkinder der Zellerschule gemeinsam mit den Lehrkr\u00e4ften und anderen Bildungstr\u00e4gern. Anmeldungen erfolgen direkt \u00fcber die Zellerschule Nagold. Hier finden Sie auch ausf\u00fchrliche Informationen: https:\/\/zellerschule-nagold.de\/grundschule-gt\/allgemeines\/ &nbsp; Agnes Oliveira Leitung Kinderkiste&nbsp; Europaplatz 1 72202 Nagold Telefon in der Zellerschule: 07452 &#8211; 845729 Betreuung@zellerschule-nagold.de &nbsp; &nbsp; Unsere aktuellen BFD im [&hellip;]<\/p>\n","protected":false},"author":3,"featured_media":0,"parent":0,"menu_order":0,"comment_status":"closed","ping_status":"closed","template":"","meta":{"ngg_post_thumbnail":0,"footnotes":""},"class_list":["post-8","page","type-page","status-publish","hentry"],"_links":{"self":[{"href":"https:\/\/www.youznagold.de\/YOUZ2012\/wordpress\/index.php?rest_route=\/wp\/v2\/pages\/8","targetHints":{"allow":["GET"]}}],"collection":[{"href":"https:\/\/www.youznagold.de\/YOUZ2012\/wordpress\/index.php?rest_route=\/wp\/v2\/pages"}],"about":[{"href":"https:\/\/www.youznagold.de\/YOUZ2012\/wordpress\/index.php?rest_route=\/wp\/v2\/types\/page"}],"author":[{"embeddable":true,"href":"https:\/\/www.youznagold.de\/YOUZ2012\/wordpress\/index.php?rest_route=\/wp\/v2\/users\/3"}],"replies":[{"embeddable":true,"href":"https:\/\/www.youznagold.de\/YOUZ2012\/wordpress\/index.php?rest_route=%2Fwp%2Fv2%2Fcomments&post=8"}],"version-history":[{"count":45,"href":"https:\/\/www.youznagold.de\/YOUZ2012\/wordpress\/index.php?rest_route=\/wp\/v2\/pages\/8\/revisions"}],"predecessor-version":[{"id":6220,"href":"https:\/\/www.youznagold.de\/YOUZ2012\/wordpress\/index.php?rest_route=\/wp\/v2\/pages\/8\/revisions\/6220"}],"wp:attachment":[{"href":"https:\/\/www.youznagold.de\/YOUZ2012\/wordpress\/index.php?rest_route=%2Fwp%2Fv2%2Fmedia&parent=8"}],"curies":[{"name":"wp","href":"https:\/\/api.w.org\/{rel}","templated":true}]}}