{"id":6155,"date":"2026-02-24T11:11:06","date_gmt":"2026-02-24T10:11:06","guid":{"rendered":"https:\/\/www.youznagold.de\/YOUZ2012\/wordpress\/?page_id=6155"},"modified":"2026-04-06T13:05:00","modified_gmt":"2026-04-06T11:05:00","slug":"daxburg-2026","status":"publish","type":"page","link":"https:\/\/www.youznagold.de\/YOUZ2012\/wordpress\/?page_id=6155","title":{"rendered":"Daxburg 2026"},"content":{"rendered":"<p><span style=\"color:#ff0000;\"><\/p>\n<h2>Die Daxburg ist ausgebucht. Pl\u00e4tze auf der Warteliste k\u00f6nnen per Mail an <a href=\"mailto:Info@Youznagold.de\">Info@Youznagold.de<\/a> angefragt werden.<\/h2>\n<p><\/span><\/p>\n<h2>\n<\/h2>\n<p><strong>Die Daxburg findet vom 03.08. &#8211; 14.08.26 statt.<\/strong><\/p>\n<p>Jedes Jahr findet in den ersten beiden Wochen der Sommerferien, immer von Montag bis Freitag, die Kinderfreizeit DAXBURG des YOUZ Nagold e.V. f\u00fcr Kinder von 6 bis 12 Jahren auf dem Gel\u00e4nde der Gemeindehalle in Pfrondorf statt. Neben Spiel und Spa\u00df gibt es verschiedene handwerkliche, kreative, musikalische und sportliche Angebote.<\/p>\n<p><strong>Es gibt eine Wahlm\u00f6glichkeit zu den Zeiten:<\/strong><br \/>\nEntweder wie bisher t\u00e4glich 9:00 bis 17:00 Uhr oder die zeitlich k\u00fcrzere Version von 9:00 bis 15:00 Uhr<\/p>\n<p>Es gibt keinen Bustransfer, bitte die Kinder zur Gemeindehalle bringen und wieder abholen. Fahrgemeinschaften verringern dabei den Anfahrtsverkehr.<\/p>\n<p><strong>Kosten f\u00fcr Kinder aus Nagold und den Teilorten:<\/strong><br \/>\n1 Kind 150 \u20ac<br \/>\n2 Kinder aus einer Familie 200 \u20ac<br \/>\n3 Kinder aus einer Familie 250 \u20ac<\/p>\n<p>F\u00fcr Familien mit dem Nagoldpass gibt es eine Erm\u00e4\u00dfigung.<br \/>\nHierf\u00fcr bitte zu einem Termin ins YOUZ kommen und den Pass vorlegen.<\/p>\n<p>Teilorte sind:<br \/>\nIselshausen \/ Emmingen \/ Pfrondorf \/ Hochdorf \/ Mindersbach \/ Schietingen\/ Vollmaringen \/ G\u00fcndringen<\/p>\n<p>Die Daxburg kann nur zweiw\u00f6chig am St\u00fcck gebucht werden.<br \/>\nF\u00fcr Eltern die nur 1 Woche ben\u00f6tigen, kann eine Mail geschrieben werden. Eine Warteliste wird erstellt und Sie werden sp\u00e4ter informiert, ob es noch freie Pl\u00e4tze gibt.<\/p>\n<p>Da die Freizeit von der Stadt Nagold finanziert wird, k\u00f6nnen Kinder aus anderen Orten nur im Ausnahmefall angenommen werden. Eine Warteliste wird von uns erstellt.<br \/>\nAnfragen dazu unter: <a href=\"mailto:Info@YOUZNagold.de\">Info@YOUZNagold.de<\/a><\/p>\n<p>Nachdem Sie Ihre Daten online abgesendet haben, \u00fcberweisen Sie bitte den Gesamtbetrag auf folgendes Konto:<br \/>\nYOUZ Nagold e.V.<br \/>\nIBAN: DE38603913100675738008<br \/>\nBIC: GENODES1VBH<br \/>\n<span style=\"color:#ff0000;\"><strong>Wichtig: Bei der \u00dcberweisung unbedingt den Namen Ihres Kindes angeben.<\/strong><\/span><\/p>\n<p><strong>Nach der Online Anmeldung erhalten Sie eine automatisch erstellte Best\u00e4tigung. Dies ist jedoch keine Verbindliche Teilnahmebest\u00e4tigung. Nach Zahlungseingang erhalten Sie dann eine verbindliche Teilnahmebest\u00e4tigung per Mail.<\/strong><br \/>\n<strong>Im Juli schicken wir Ihnen den Elternbrief mit allen wichtigen Informationen.<\/strong><\/p>\n<p>Im Falle eines R\u00fccktritts erheben wir eine Bearbeitungsgeb\u00fchr von 30\u20ac.<br \/>\nBei R\u00fccktritt 7 Tage vorher erfolgt eine Erstattung von 50 %.<\/p>\n<p><strong>Datenschutzhinweise hinsichtlich der Freizeit\/Zwecke der Verarbeitung<\/strong><br \/>\nIhre Daten werden verarbeitet, um den Anforderungen an die \u00fcbernommene Aufsichtspflicht w\u00e4hrend der Freizeit umfassend gerecht zu werden, sowie den Kontakt zu den Personensorgeberechtigten fr\u00fchzeitig herstellen zu k\u00f6nnen. Weiterhin werden einzelne personenbezogene Daten zu Zwecken der Beantragung von F\u00f6rdermitteln an Dritte (Landkreis Calw) weitergegeben und dienen damit dem Zweck der finanziellen F\u00f6rderung der Freizeit.<br \/>\nFotos oder Videos dienen ausschlie\u00dflich der \u00d6ffentlichkeitsarbeit. Dauer und Speicherung der personenbezogenen Daten werden nach Erhebung nur so lange gespeichert, wie dies f\u00fcr die jeweiligen Vertragserf\u00fcllungen (\u00dcbernahme der Aufsichtspflicht, Dokumentationspflicht gegen\u00fcber Dritten) erforderlich ist. Im Anschluss hieran werden s\u00e4mtliche damit im Zusammenhang stehende Daten unwiderruflich gel\u00f6scht.<br \/>\nSie haben jederzeit die M\u00f6glichkeit der Einwilligung zu widersprechen.<\/p>\n","protected":false},"excerpt":{"rendered":"<p>Die Daxburg ist ausgebucht. Pl\u00e4tze auf der Warteliste k\u00f6nnen per Mail an Info@Youznagold.de angefragt werden. Die Daxburg findet vom 03.08. &#8211; 14.08.26 statt. Jedes Jahr findet in den ersten beiden Wochen der Sommerferien, immer von Montag bis Freitag, die Kinderfreizeit DAXBURG des YOUZ Nagold e.V. f\u00fcr Kinder von 6 bis 12 Jahren auf dem Gel\u00e4nde [&hellip;]<\/p>\n","protected":false},"author":3,"featured_media":0,"parent":0,"menu_order":0,"comment_status":"closed","ping_status":"closed","template":"","meta":{"ngg_post_thumbnail":0,"footnotes":""},"class_list":["post-6155","page","type-page","status-publish","hentry"],"_links":{"self":[{"href":"https:\/\/www.youznagold.de\/YOUZ2012\/wordpress\/index.php?rest_route=\/wp\/v2\/pages\/6155","targetHints":{"allow":["GET"]}}],"collection":[{"href":"https:\/\/www.youznagold.de\/YOUZ2012\/wordpress\/index.php?rest_route=\/wp\/v2\/pages"}],"about":[{"href":"https:\/\/www.youznagold.de\/YOUZ2012\/wordpress\/index.php?rest_route=\/wp\/v2\/types\/page"}],"author":[{"embeddable":true,"href":"https:\/\/www.youznagold.de\/YOUZ2012\/wordpress\/index.php?rest_route=\/wp\/v2\/users\/3"}],"replies":[{"embeddable":true,"href":"https:\/\/www.youznagold.de\/YOUZ2012\/wordpress\/index.php?rest_route=%2Fwp%2Fv2%2Fcomments&post=6155"}],"version-history":[{"count":15,"href":"https:\/\/www.youznagold.de\/YOUZ2012\/wordpress\/index.php?rest_route=\/wp\/v2\/pages\/6155\/revisions"}],"predecessor-version":[{"id":6236,"href":"https:\/\/www.youznagold.de\/YOUZ2012\/wordpress\/index.php?rest_route=\/wp\/v2\/pages\/6155\/revisions\/6236"}],"wp:attachment":[{"href":"https:\/\/www.youznagold.de\/YOUZ2012\/wordpress\/index.php?rest_route=%2Fwp%2Fv2%2Fmedia&parent=6155"}],"curies":[{"name":"wp","href":"https:\/\/api.w.org\/{rel}","templated":true}]}}