{"id":5498,"date":"2023-05-03T08:36:28","date_gmt":"2023-05-03T06:36:28","guid":{"rendered":"https:\/\/www.youznagold.de\/YOUZ2012\/wordpress\/?page_id=5498"},"modified":"2023-05-23T08:35:31","modified_gmt":"2023-05-23T06:35:31","slug":"wiestalschule-emmingen","status":"publish","type":"page","link":"https:\/\/www.youznagold.de\/YOUZ2012\/wordpress\/?page_id=5498","title":{"rendered":"Wiestalschule Emmingen"},"content":{"rendered":"\r\n\r\n\r\n\r\n\r\n<p><a href=\"https:\/\/www.youznagold.de\/YOUZ2012\/wordpress\/wp-content\/uploads\/2023\/05\/Anne-Mayer.jpg\"><img loading=\"lazy\" decoding=\"async\" class=\"alignleft wp-image-5492 size-full\" src=\"https:\/\/www.youznagold.de\/YOUZ2012\/wordpress\/wp-content\/uploads\/2023\/05\/Anne-Mayer.jpg\" alt=\"\" width=\"225\" height=\"300\"><\/a><strong>Anne Mayer <br><\/strong>Schulsozialarbeit Wiestalschule Emmingen<br>Malmenweg 12<br>72202 Nagold<\/p>\r\n<p>Telefon:&nbsp; 0163 3831478<br><a href=\"mailto:Anne.Mayer@YOUZNagold.de\">Anne.Mayer@YOUZNagold.de<\/a> &nbsp; &nbsp; &nbsp; &nbsp; &nbsp; &nbsp;<\/p>\r\n<p>&nbsp;<\/p>\r\n<p>&nbsp;<\/p>\r\n<p>&nbsp;<\/p>\r\n<p>Mein Name ist Anne Mayer und ich arbeite seit 1.5.2023 als Schulsozialarbeiterin an der Wiestalschule in Emmingen. Ich bin Mama von zwei S\u00f6hnen und war vor meiner Elternzeit sowohl in der Schulsozialarbeit als auch in der offenen Jugendarbeit t\u00e4tig. Mein Arbeitgeber ist Youz Nagold e.V.<\/p>\r\n<p>Schulsozialarbeit ist ein vertrauensvolles und freiwilliges Beratungsangebot. Als pr\u00e4ventive Form der Jugendhilfe (\u00a713 SGB VIII) tr\u00e4gt sie zur F\u00f6rderung von Kindern und Jugendlichen im Schulalltag bei.<\/p>\r\n<p>Die Lebenswelt Schule wirkt sich auf jede Sch\u00fclerin und jeden Sch\u00fcler unterschiedlich aus. Schulsozialarbeit holt junge Menschen dort ab, wo sie stehen und unterst\u00fctzt sie bei ihrer individuellen und sozialen Entwicklung.<\/p>\r\n<p>Meine Aufgaben:<\/p>\r\n<ul>\r\n<li>Begleitung und Beratung von Sch\u00fclerInnen, Erziehungsberechtigten und Lehrkr\u00e4ften bei der Bew\u00e4ltigung individueller Lebenslagen und Probleme<\/li>\r\n<li>Einzelfallhilfe (z. B. bei Bedarf Begleitung \u00fcber einen l\u00e4ngeren Zeitraum)<\/li>\r\n<li>Gruppenangebote (u.a. F\u00f6rderung sozialer Kompetenzen, Begleitung des Klassenrats)<\/li>\r\n<li>Pr\u00e4vention (Zusammenhalt in der Klasse st\u00e4rken, Umgang mit Medien)<\/li>\r\n<li>Intervention (bei akuten Problemlagen wie z. B. Mobbing)<\/li>\r\n<li>Kooperation mit au\u00dferschulischen Partnern<\/li>\r\n<li>Intensive Netzwerkarbeit<\/li>\r\n<li>Vermittlung und Information zu Einrichtungen der Jugendhilfe oder anderen Hilfsangeboten<\/li>\r\n<\/ul>\r\n<p>Die Prinzipien der Schulsozialarbeit sind Neutralit\u00e4t, Freiwilligkeit, Transparenz und Vertraulichkeit. Als Schulsozialarbeiterin unterliege ich der Schweigepflicht \u2013 auch gegen\u00fcber Lehrkr\u00e4ften und der Schulleitung. Ohne Einverst\u00e4ndniserkl\u00e4rung werde ich keine Informationen weitergeben.<\/p>\r\n<p><strong>Sie erreichen mich pers\u00f6nlich vor Ort in meinem B\u00fcro:<br><\/strong><strong>B\u00fccherei der Wiestalschule<br><\/strong><strong>Malmenweg 12<br><\/strong><strong>72202 Nagold<\/strong><strong>&nbsp;<\/strong><\/p>\r\n<p><strong>Sprechzeiten:<br><\/strong><strong>Montag &nbsp;&nbsp;&nbsp;&nbsp;&nbsp;&nbsp;&nbsp;&nbsp;&nbsp;&nbsp;&nbsp;&nbsp;&nbsp;&nbsp; 7:30 bis 11:30 Uhr<br><\/strong><strong>Dienstag&nbsp;&nbsp;&nbsp;&nbsp;&nbsp;&nbsp;&nbsp;&nbsp;&nbsp;&nbsp; &nbsp;&nbsp; 7:30 bis 11:30 Uhr<br><\/strong><strong>Mittwoch&nbsp;&nbsp;&nbsp;&nbsp;&nbsp;&nbsp;&nbsp;&nbsp;&nbsp;&nbsp;&nbsp;&nbsp; 7:30 bis 11:30 Uhr<br>u<\/strong><strong>nd nach Vereinbarung.<\/strong><\/p>\r\n<p>Ich freue mich auf ein pers\u00f6nliches Kennenlernen und eine gute Zusammenarbeit.<\/p>\r\n\r\n\r\n\r\n\r\n","protected":false},"excerpt":{"rendered":"<p>Anne Mayer Schulsozialarbeit Wiestalschule EmmingenMalmenweg 1272202 Nagold Telefon:&nbsp; 0163 3831478Anne.Mayer@YOUZNagold.de &nbsp; &nbsp; &nbsp; &nbsp; &nbsp; &nbsp; &nbsp; &nbsp; &nbsp; Mein Name ist Anne Mayer und ich arbeite seit 1.5.2023 als Schulsozialarbeiterin an der Wiestalschule in Emmingen. Ich bin Mama von zwei S\u00f6hnen und war vor meiner Elternzeit sowohl in der Schulsozialarbeit als auch in der [&hellip;]<\/p>\n","protected":false},"author":3,"featured_media":0,"parent":0,"menu_order":0,"comment_status":"closed","ping_status":"closed","template":"","meta":{"ngg_post_thumbnail":0,"footnotes":""},"class_list":["post-5498","page","type-page","status-publish","hentry"],"_links":{"self":[{"href":"https:\/\/www.youznagold.de\/YOUZ2012\/wordpress\/index.php?rest_route=\/wp\/v2\/pages\/5498","targetHints":{"allow":["GET"]}}],"collection":[{"href":"https:\/\/www.youznagold.de\/YOUZ2012\/wordpress\/index.php?rest_route=\/wp\/v2\/pages"}],"about":[{"href":"https:\/\/www.youznagold.de\/YOUZ2012\/wordpress\/index.php?rest_route=\/wp\/v2\/types\/page"}],"author":[{"embeddable":true,"href":"https:\/\/www.youznagold.de\/YOUZ2012\/wordpress\/index.php?rest_route=\/wp\/v2\/users\/3"}],"replies":[{"embeddable":true,"href":"https:\/\/www.youznagold.de\/YOUZ2012\/wordpress\/index.php?rest_route=%2Fwp%2Fv2%2Fcomments&post=5498"}],"version-history":[{"count":11,"href":"https:\/\/www.youznagold.de\/YOUZ2012\/wordpress\/index.php?rest_route=\/wp\/v2\/pages\/5498\/revisions"}],"predecessor-version":[{"id":5515,"href":"https:\/\/www.youznagold.de\/YOUZ2012\/wordpress\/index.php?rest_route=\/wp\/v2\/pages\/5498\/revisions\/5515"}],"wp:attachment":[{"href":"https:\/\/www.youznagold.de\/YOUZ2012\/wordpress\/index.php?rest_route=%2Fwp%2Fv2%2Fmedia&parent=5498"}],"curies":[{"name":"wp","href":"https:\/\/api.w.org\/{rel}","templated":true}]}}