{"id":4085,"date":"2019-09-27T21:41:42","date_gmt":"2019-09-27T19:41:42","guid":{"rendered":"https:\/\/www.youznagold.de\/YOUZ2012\/wordpress\/?page_id=4085"},"modified":"2022-10-18T20:43:17","modified_gmt":"2022-10-18T18:43:17","slug":"grundschule-vollmaringen","status":"publish","type":"page","link":"https:\/\/www.youznagold.de\/YOUZ2012\/wordpress\/?page_id=4085","title":{"rendered":"Grundschule Vollmaringen"},"content":{"rendered":"\r\n\r\n\r\n\r\n\r\n<p>&nbsp;<\/p>\r\n<p><img loading=\"lazy\" decoding=\"async\" class=\"alignleft wp-image-5272\" src=\"https:\/\/www.youznagold.de\/YOUZ2012\/wordpress\/wp-content\/uploads\/2022\/10\/Natalie-Wurster-225x300.jpg\" alt=\"\" width=\"200\" height=\"267\" srcset=\"https:\/\/www.youznagold.de\/YOUZ2012\/wordpress\/wp-content\/uploads\/2022\/10\/Natalie-Wurster-225x300.jpg 225w, https:\/\/www.youznagold.de\/YOUZ2012\/wordpress\/wp-content\/uploads\/2022\/10\/Natalie-Wurster-768x1024.jpg 768w, https:\/\/www.youznagold.de\/YOUZ2012\/wordpress\/wp-content\/uploads\/2022\/10\/Natalie-Wurster-660x880.jpg 660w, https:\/\/www.youznagold.de\/YOUZ2012\/wordpress\/wp-content\/uploads\/2022\/10\/Natalie-Wurster-240x320.jpg 240w, https:\/\/www.youznagold.de\/YOUZ2012\/wordpress\/wp-content\/uploads\/2022\/10\/Natalie-Wurster.jpg 1000w\" sizes=\"auto, (max-width: 200px) 100vw, 200px\" \/><\/p>\r\n<p><strong>Natalie Wurster<\/strong><br>Schulsozialarbeit an den Grundschulen<br>Iselshausen, Hochdorf, Vollmaringen<\/p>\r\n<p>Telefon: 0177\/4480206<br><a href=\"mailto:Natalie.Wurster@youznagold.de\">Natalie.Wurster@youznagold.de<\/a><\/p>\r\n<p>&nbsp;<\/p>\r\n<p>&nbsp;<\/p>\r\n<p>&nbsp;<\/p>\r\n<p>&nbsp;<\/p>\r\n<p>&nbsp;<\/p>\r\n<p><strong>Was ist Schulsozialarbeit?<\/strong><\/p>\r\n\r\n\r\n\r\n<p><u>Einzelfallhilfe und Beratung<\/u><br>Anlaufstelle f\u00fcr Kinder und Eltern<br>Krisenintervention<br>Konfliktberatung<\/p>\r\n\r\n\r\n\r\n<p><u>Sozialp\u00e4dagogische Gruppenarbei<\/u>t<br>Training sozialer Kompetenzen<br>Klassenrat<br>Medienp\u00e4dagogik<br>Gewaltpr\u00e4vention<br>Streitschlichter<br>Gesundheitsf\u00f6rderung<br>Mobbingpr\u00e4vention<\/p>\r\n\r\n\r\n\r\n<p><u>Vernetzung<\/u><br>Kooperation und Vernetzung mit anderen Fachstellen<br>Regionale Netzwerke mit anderen Schulsozialarbeitern<br>Teilnahme an Konferenzen<\/p>\r\n\r\n\r\n\r\n<p>&nbsp;<\/p>\r\n<p><strong>Download: <\/strong><a href=\"https:\/\/www.youznagold.de\/YOUZ2012\/wordpress\/wp-content\/uploads\/2020\/09\/SSA-Flyer-Vollmaringen.pdf\">Flyer der Schulsozialarbeit Vollmaringen<\/a><\/p>\r\n<p>&nbsp;<\/p>\r\n\r\n\r\n","protected":false},"excerpt":{"rendered":"<p>&nbsp; Natalie WursterSchulsozialarbeit an den GrundschulenIselshausen, Hochdorf, Vollmaringen Telefon: 0177\/4480206Natalie.Wurster@youznagold.de &nbsp; &nbsp; &nbsp; &nbsp; &nbsp; Was ist Schulsozialarbeit? Einzelfallhilfe und BeratungAnlaufstelle f\u00fcr Kinder und ElternKriseninterventionKonfliktberatung Sozialp\u00e4dagogische GruppenarbeitTraining sozialer KompetenzenKlassenratMedienp\u00e4dagogikGewaltpr\u00e4ventionStreitschlichterGesundheitsf\u00f6rderungMobbingpr\u00e4vention VernetzungKooperation und Vernetzung mit anderen FachstellenRegionale Netzwerke mit anderen SchulsozialarbeiternTeilnahme an Konferenzen &nbsp; Download: Flyer der Schulsozialarbeit Vollmaringen &nbsp;<\/p>\n","protected":false},"author":3,"featured_media":0,"parent":0,"menu_order":0,"comment_status":"closed","ping_status":"closed","template":"","meta":{"ngg_post_thumbnail":0,"footnotes":""},"class_list":["post-4085","page","type-page","status-publish","hentry"],"_links":{"self":[{"href":"https:\/\/www.youznagold.de\/YOUZ2012\/wordpress\/index.php?rest_route=\/wp\/v2\/pages\/4085","targetHints":{"allow":["GET"]}}],"collection":[{"href":"https:\/\/www.youznagold.de\/YOUZ2012\/wordpress\/index.php?rest_route=\/wp\/v2\/pages"}],"about":[{"href":"https:\/\/www.youznagold.de\/YOUZ2012\/wordpress\/index.php?rest_route=\/wp\/v2\/types\/page"}],"author":[{"embeddable":true,"href":"https:\/\/www.youznagold.de\/YOUZ2012\/wordpress\/index.php?rest_route=\/wp\/v2\/users\/3"}],"replies":[{"embeddable":true,"href":"https:\/\/www.youznagold.de\/YOUZ2012\/wordpress\/index.php?rest_route=%2Fwp%2Fv2%2Fcomments&post=4085"}],"version-history":[{"count":11,"href":"https:\/\/www.youznagold.de\/YOUZ2012\/wordpress\/index.php?rest_route=\/wp\/v2\/pages\/4085\/revisions"}],"predecessor-version":[{"id":5281,"href":"https:\/\/www.youznagold.de\/YOUZ2012\/wordpress\/index.php?rest_route=\/wp\/v2\/pages\/4085\/revisions\/5281"}],"wp:attachment":[{"href":"https:\/\/www.youznagold.de\/YOUZ2012\/wordpress\/index.php?rest_route=%2Fwp%2Fv2%2Fmedia&parent=4085"}],"curies":[{"name":"wp","href":"https:\/\/api.w.org\/{rel}","templated":true}]}}