{"id":3980,"date":"2019-04-01T15:38:30","date_gmt":"2019-04-01T13:38:30","guid":{"rendered":"https:\/\/www.youznagold.de\/YOUZ2012\/wordpress\/?page_id=3980"},"modified":"2019-04-01T15:44:48","modified_gmt":"2019-04-01T13:44:48","slug":"daxburg-2018-2","status":"publish","type":"page","link":"https:\/\/www.youznagold.de\/YOUZ2012\/wordpress\/?page_id=3980","title":{"rendered":"Daxburg 2018"},"content":{"rendered":"\n<p>Fundsachen k\u00f6nnen ab dem 11. September im Youz abgeholt werden.<br><a href=\"https:\/\/www.youznagold.de\/YOUZ2012\/wordpress\/?page_id=3721\">HIER<\/a> geht es zur Passwortgesch\u00fctzen Bildergalerie f\u00fcr die Eltern. <br><a href=\"https:\/\/www.youznagold.de\/YOUZ2012\/wordpress\/?page_id=3722\">Hier<\/a> geht&#8217;s zum Betreuer-Login.<br><\/p>\n\n\n\n<div class=\"wp-block-image\"><figure class=\"aligncenter\"><img loading=\"lazy\" decoding=\"async\" width=\"1125\" height=\"911\" src=\"https:\/\/www.youznagold.de\/YOUZ2012\/wordpress\/wp-content\/uploads\/2018\/08\/2018-Dax-Abschluss.jpg\" alt=\"\" class=\"wp-image-3719\" srcset=\"https:\/\/www.youznagold.de\/YOUZ2012\/wordpress\/wp-content\/uploads\/2018\/08\/2018-Dax-Abschluss.jpg 1125w, https:\/\/www.youznagold.de\/YOUZ2012\/wordpress\/wp-content\/uploads\/2018\/08\/2018-Dax-Abschluss-300x243.jpg 300w, https:\/\/www.youznagold.de\/YOUZ2012\/wordpress\/wp-content\/uploads\/2018\/08\/2018-Dax-Abschluss-768x622.jpg 768w, https:\/\/www.youznagold.de\/YOUZ2012\/wordpress\/wp-content\/uploads\/2018\/08\/2018-Dax-Abschluss-1024x829.jpg 1024w, https:\/\/www.youznagold.de\/YOUZ2012\/wordpress\/wp-content\/uploads\/2018\/08\/2018-Dax-Abschluss-660x534.jpg 660w, https:\/\/www.youznagold.de\/YOUZ2012\/wordpress\/wp-content\/uploads\/2018\/08\/2018-Dax-Abschluss-240x194.jpg 240w\" sizes=\"auto, (max-width: 1125px) 100vw, 1125px\" \/><\/figure><\/div>\n\n\n\n<div class=\"wp-block-image\"><figure class=\"aligncenter\"><img loading=\"lazy\" decoding=\"async\" width=\"1124\" height=\"1717\" src=\"https:\/\/www.youznagold.de\/YOUZ2012\/wordpress\/wp-content\/uploads\/2018\/08\/2018-Dax.jpg\" alt=\"\" class=\"wp-image-3718\" srcset=\"https:\/\/www.youznagold.de\/YOUZ2012\/wordpress\/wp-content\/uploads\/2018\/08\/2018-Dax.jpg 1124w, https:\/\/www.youznagold.de\/YOUZ2012\/wordpress\/wp-content\/uploads\/2018\/08\/2018-Dax-196x300.jpg 196w, https:\/\/www.youznagold.de\/YOUZ2012\/wordpress\/wp-content\/uploads\/2018\/08\/2018-Dax-768x1173.jpg 768w, https:\/\/www.youznagold.de\/YOUZ2012\/wordpress\/wp-content\/uploads\/2018\/08\/2018-Dax-670x1024.jpg 670w, https:\/\/www.youznagold.de\/YOUZ2012\/wordpress\/wp-content\/uploads\/2018\/08\/2018-Dax-660x1008.jpg 660w, https:\/\/www.youznagold.de\/YOUZ2012\/wordpress\/wp-content\/uploads\/2018\/08\/2018-Dax-240x367.jpg 240w\" sizes=\"auto, (max-width: 1124px) 100vw, 1124px\" \/><\/figure><\/div>\n\n\n\n<div class=\"wp-block-image\"><figure class=\"aligncenter\"><img loading=\"lazy\" decoding=\"async\" width=\"744\" height=\"645\" src=\"https:\/\/www.youznagold.de\/YOUZ2012\/wordpress\/wp-content\/uploads\/2018\/08\/2018-Daxbetreuer.jpg\" alt=\"\" class=\"wp-image-3717\" srcset=\"https:\/\/www.youznagold.de\/YOUZ2012\/wordpress\/wp-content\/uploads\/2018\/08\/2018-Daxbetreuer.jpg 744w, https:\/\/www.youznagold.de\/YOUZ2012\/wordpress\/wp-content\/uploads\/2018\/08\/2018-Daxbetreuer-300x260.jpg 300w, https:\/\/www.youznagold.de\/YOUZ2012\/wordpress\/wp-content\/uploads\/2018\/08\/2018-Daxbetreuer-660x572.jpg 660w, https:\/\/www.youznagold.de\/YOUZ2012\/wordpress\/wp-content\/uploads\/2018\/08\/2018-Daxbetreuer-240x208.jpg 240w\" sizes=\"auto, (max-width: 744px) 100vw, 744px\" \/><\/figure><\/div>\n\n\n\n<div class=\"wp-block-image\"><figure class=\"aligncenter\"><a href=\"http:\/\/www.youznagold.de\/YOUZ2012\/wordpress\/wp-content\/uploads\/2017\/12\/DaxburgWebflyer2018.jpg\"><img loading=\"lazy\" decoding=\"async\" width=\"729\" height=\"1024\" src=\"https:\/\/www.youznagold.de\/YOUZ2012\/wordpress\/wp-content\/uploads\/2017\/12\/DaxburgWebflyer2018-729x1024.jpg\" alt=\"\" class=\"wp-image-3519\" srcset=\"https:\/\/www.youznagold.de\/YOUZ2012\/wordpress\/wp-content\/uploads\/2017\/12\/DaxburgWebflyer2018-729x1024.jpg 729w, https:\/\/www.youznagold.de\/YOUZ2012\/wordpress\/wp-content\/uploads\/2017\/12\/DaxburgWebflyer2018-214x300.jpg 214w, https:\/\/www.youznagold.de\/YOUZ2012\/wordpress\/wp-content\/uploads\/2017\/12\/DaxburgWebflyer2018-768x1078.jpg 768w, https:\/\/www.youznagold.de\/YOUZ2012\/wordpress\/wp-content\/uploads\/2017\/12\/DaxburgWebflyer2018-660x927.jpg 660w, https:\/\/www.youznagold.de\/YOUZ2012\/wordpress\/wp-content\/uploads\/2017\/12\/DaxburgWebflyer2018-240x337.jpg 240w, https:\/\/www.youznagold.de\/YOUZ2012\/wordpress\/wp-content\/uploads\/2017\/12\/DaxburgWebflyer2018.jpg 1708w\" sizes=\"auto, (max-width: 729px) 100vw, 729px\" \/><\/a><\/figure><\/div>\n","protected":false},"excerpt":{"rendered":"<p>Fundsachen k\u00f6nnen ab dem 11. September im Youz abgeholt werden.HIER geht es zur Passwortgesch\u00fctzen Bildergalerie f\u00fcr die Eltern. Hier geht&#8217;s zum Betreuer-Login.<\/p>\n","protected":false},"author":3,"featured_media":0,"parent":3423,"menu_order":0,"comment_status":"closed","ping_status":"closed","template":"","meta":{"ngg_post_thumbnail":0,"footnotes":""},"class_list":["post-3980","page","type-page","status-publish","hentry"],"_links":{"self":[{"href":"https:\/\/www.youznagold.de\/YOUZ2012\/wordpress\/index.php?rest_route=\/wp\/v2\/pages\/3980","targetHints":{"allow":["GET"]}}],"collection":[{"href":"https:\/\/www.youznagold.de\/YOUZ2012\/wordpress\/index.php?rest_route=\/wp\/v2\/pages"}],"about":[{"href":"https:\/\/www.youznagold.de\/YOUZ2012\/wordpress\/index.php?rest_route=\/wp\/v2\/types\/page"}],"author":[{"embeddable":true,"href":"https:\/\/www.youznagold.de\/YOUZ2012\/wordpress\/index.php?rest_route=\/wp\/v2\/users\/3"}],"replies":[{"embeddable":true,"href":"https:\/\/www.youznagold.de\/YOUZ2012\/wordpress\/index.php?rest_route=%2Fwp%2Fv2%2Fcomments&post=3980"}],"version-history":[{"count":3,"href":"https:\/\/www.youznagold.de\/YOUZ2012\/wordpress\/index.php?rest_route=\/wp\/v2\/pages\/3980\/revisions"}],"predecessor-version":[{"id":3985,"href":"https:\/\/www.youznagold.de\/YOUZ2012\/wordpress\/index.php?rest_route=\/wp\/v2\/pages\/3980\/revisions\/3985"}],"up":[{"embeddable":true,"href":"https:\/\/www.youznagold.de\/YOUZ2012\/wordpress\/index.php?rest_route=\/wp\/v2\/pages\/3423"}],"wp:attachment":[{"href":"https:\/\/www.youznagold.de\/YOUZ2012\/wordpress\/index.php?rest_route=%2Fwp%2Fv2%2Fmedia&parent=3980"}],"curies":[{"name":"wp","href":"https:\/\/api.w.org\/{rel}","templated":true}]}}