{"id":3429,"date":"2017-12-29T17:48:17","date_gmt":"2017-12-29T16:48:17","guid":{"rendered":"http:\/\/www.youznagold.de\/YOUZ2012\/wordpress\/?page_id=3429"},"modified":"2018-01-09T14:42:37","modified_gmt":"2018-01-09T13:42:37","slug":"integrationsarbeit-in-nagold","status":"publish","type":"page","link":"https:\/\/www.youznagold.de\/YOUZ2012\/wordpress\/?page_id=3429","title":{"rendered":"Integrationsarbeit in Nagold"},"content":{"rendered":"<p>Bitte w\u00e4hlen Sie einen Unterpunkt:<br \/>\n<a href=\"http:\/\/www.youznagold.de\/YOUZ2012\/wordpress\/?page_id=3452\">Aktionen und Veranstaltungen<\/a><br \/>\n<a href=\"http:\/\/www.youznagold.de\/YOUZ2012\/wordpress\/?page_id=3454\">L\u00e4nderabende im Jugendzentrum<\/a><br \/>\n<a href=\"http:\/\/www.youznagold.de\/YOUZ2012\/wordpress\/?page_id=3456\">T\u00fcrkischer Chor unter der Tr\u00e4gerschaft des YOUZ<\/a><\/p>\n","protected":false},"excerpt":{"rendered":"<p>Bitte w\u00e4hlen Sie einen Unterpunkt: Aktionen und Veranstaltungen L\u00e4nderabende im Jugendzentrum T\u00fcrkischer Chor unter der Tr\u00e4gerschaft des YOUZ<\/p>\n","protected":false},"author":3,"featured_media":0,"parent":0,"menu_order":0,"comment_status":"closed","ping_status":"closed","template":"","meta":{"ngg_post_thumbnail":0,"footnotes":""},"class_list":["post-3429","page","type-page","status-publish","hentry"],"_links":{"self":[{"href":"https:\/\/www.youznagold.de\/YOUZ2012\/wordpress\/index.php?rest_route=\/wp\/v2\/pages\/3429","targetHints":{"allow":["GET"]}}],"collection":[{"href":"https:\/\/www.youznagold.de\/YOUZ2012\/wordpress\/index.php?rest_route=\/wp\/v2\/pages"}],"about":[{"href":"https:\/\/www.youznagold.de\/YOUZ2012\/wordpress\/index.php?rest_route=\/wp\/v2\/types\/page"}],"author":[{"embeddable":true,"href":"https:\/\/www.youznagold.de\/YOUZ2012\/wordpress\/index.php?rest_route=\/wp\/v2\/users\/3"}],"replies":[{"embeddable":true,"href":"https:\/\/www.youznagold.de\/YOUZ2012\/wordpress\/index.php?rest_route=%2Fwp%2Fv2%2Fcomments&post=3429"}],"version-history":[{"count":4,"href":"https:\/\/www.youznagold.de\/YOUZ2012\/wordpress\/index.php?rest_route=\/wp\/v2\/pages\/3429\/revisions"}],"predecessor-version":[{"id":3534,"href":"https:\/\/www.youznagold.de\/YOUZ2012\/wordpress\/index.php?rest_route=\/wp\/v2\/pages\/3429\/revisions\/3534"}],"wp:attachment":[{"href":"https:\/\/www.youznagold.de\/YOUZ2012\/wordpress\/index.php?rest_route=%2Fwp%2Fv2%2Fmedia&parent=3429"}],"curies":[{"name":"wp","href":"https:\/\/api.w.org\/{rel}","templated":true}]}}