{"id":3409,"date":"2017-12-29T14:49:20","date_gmt":"2017-12-29T13:49:20","guid":{"rendered":"http:\/\/www.youznagold.de\/YOUZ2012\/wordpress\/?page_id=3409"},"modified":"2021-09-11T21:22:31","modified_gmt":"2021-09-11T19:22:31","slug":"nachmittagsangebote-der-burgschule","status":"publish","type":"page","link":"https:\/\/www.youznagold.de\/YOUZ2012\/wordpress\/?page_id=3409","title":{"rendered":"Nachmittagsangebote der Burgschule"},"content":{"rendered":"<div class=\"col about\">\n<div class=\"table\">\n<div class=\"center\">\n<h2>Mittagstisch<br \/>\nDas gemeinsame Essen<\/h2>\n<p>Bindeglied zwischen Vormittagsunterricht und Nachmittagsangeboten ist das von Sch\u00fclergruppen unter Anleitung einer Hauswirtschafterin hergestellte Mittagessen Seit dem Jahr 2000 wird an der Burgschule von Montag bis Donnerstag (bzw. Freitag) ein Mittagessen angeboten.<br \/>\nIm laufenden Schuljahr sind t\u00e4glich rund 80% der Sch\u00fcler\/innen nachmittags anwesend (Gesamtzahl: 78).<br \/>\nDavon nehmen fast alle am Mittagessen teil (Nagolder Sch\u00fcler d\u00fcrfen \u00fcber Mittag auch heimgehen.) Montags bis donnerstags liegen derzeit folgende Teilnehmerzahlen beim Mittagessen vor: 55\/53\/52\/52. Enthalten sind die Praktikantinnen und aufsichtsf\u00fchrende Lehrkr\u00e4fte.<br \/>\nReine Sch\u00fcleranmeldungen: 47\/47\/44\/46. Durchschnittlich 50 Essen werden pro Tag ausgegeben (unter Einbezug von Fehlzeiten infolge Erkrankung bzw. au\u00dferunterrichtlichen Veranstaltungen).<\/p>\n<p>Die Kosten f\u00fcr das Essen betragen 2 \u20ac pro Mahlzeit. In Einzelf\u00e4llen konnte Kindern durch die Unterst\u00fctzung des Nagolder Vereins Gro\u00df hilft Klein e.V. die Teilnahme am Mittagessen erm\u00f6glicht werden. Mittagessen wird in der Zeit zwischen Unterrichtsende bis ungef\u00e4hr 13 Uhr eingenommen. Kinder, die am Mittagessen der Schule nicht teilnehmen, essen ihr mitgebrachtes Vesper zusammen mit den anderen. Das Essen wird von der hauswirtschaftlichen Mitarbeiterin zusammen mit Sch\u00fclern hergestellt. Eine weitere Mitarbeiterin beaufsichtigt das anschlie\u00dfende S\u00e4ubern des Geschirrs, der K\u00fcche und der beiden Essbereiche.<\/p>\n<\/div>\n<\/div>\n<\/div>\n","protected":false},"excerpt":{"rendered":"<p>Mittagstisch Das gemeinsame Essen Bindeglied zwischen Vormittagsunterricht und Nachmittagsangeboten ist das von Sch\u00fclergruppen unter Anleitung einer Hauswirtschafterin hergestellte Mittagessen Seit dem Jahr 2000 wird an der Burgschule von Montag bis Donnerstag (bzw. Freitag) ein Mittagessen angeboten. Im laufenden Schuljahr sind t\u00e4glich rund 80% der Sch\u00fcler\/innen nachmittags anwesend (Gesamtzahl: 78). Davon nehmen fast alle am Mittagessen [&hellip;]<\/p>\n","protected":false},"author":3,"featured_media":0,"parent":0,"menu_order":0,"comment_status":"closed","ping_status":"closed","template":"","meta":{"ngg_post_thumbnail":0,"footnotes":""},"class_list":["post-3409","page","type-page","status-publish","hentry"],"_links":{"self":[{"href":"https:\/\/www.youznagold.de\/YOUZ2012\/wordpress\/index.php?rest_route=\/wp\/v2\/pages\/3409","targetHints":{"allow":["GET"]}}],"collection":[{"href":"https:\/\/www.youznagold.de\/YOUZ2012\/wordpress\/index.php?rest_route=\/wp\/v2\/pages"}],"about":[{"href":"https:\/\/www.youznagold.de\/YOUZ2012\/wordpress\/index.php?rest_route=\/wp\/v2\/types\/page"}],"author":[{"embeddable":true,"href":"https:\/\/www.youznagold.de\/YOUZ2012\/wordpress\/index.php?rest_route=\/wp\/v2\/users\/3"}],"replies":[{"embeddable":true,"href":"https:\/\/www.youznagold.de\/YOUZ2012\/wordpress\/index.php?rest_route=%2Fwp%2Fv2%2Fcomments&post=3409"}],"version-history":[{"count":4,"href":"https:\/\/www.youznagold.de\/YOUZ2012\/wordpress\/index.php?rest_route=\/wp\/v2\/pages\/3409\/revisions"}],"predecessor-version":[{"id":4956,"href":"https:\/\/www.youznagold.de\/YOUZ2012\/wordpress\/index.php?rest_route=\/wp\/v2\/pages\/3409\/revisions\/4956"}],"wp:attachment":[{"href":"https:\/\/www.youznagold.de\/YOUZ2012\/wordpress\/index.php?rest_route=%2Fwp%2Fv2%2Fmedia&parent=3409"}],"curies":[{"name":"wp","href":"https:\/\/api.w.org\/{rel}","templated":true}]}}