{"id":3408,"date":"2017-12-29T14:48:20","date_gmt":"2017-12-29T13:48:20","guid":{"rendered":"http:\/\/www.youznagold.de\/YOUZ2012\/wordpress\/?page_id=3408"},"modified":"2026-03-11T20:44:12","modified_gmt":"2026-03-11T19:44:12","slug":"schulsozialarbeit-an-der-burgschule","status":"publish","type":"page","link":"https:\/\/www.youznagold.de\/YOUZ2012\/wordpress\/?page_id=3408","title":{"rendered":"Schulsozialarbeit an der Burgschule"},"content":{"rendered":"<h3><strong>Unser Team an der Burgschule:<\/strong><\/h3>\n<p><strong><a href=\"https:\/\/www.youznagold.de\/YOUZ2012\/wordpress\/wp-content\/uploads\/2023\/01\/Raphaela.jpg\"><img loading=\"lazy\" decoding=\"async\" class=\"alignleft wp-image-5396\" src=\"https:\/\/www.youznagold.de\/YOUZ2012\/wordpress\/wp-content\/uploads\/2023\/01\/Raphaela.jpg\" alt=\"\" width=\"200\" height=\"267\"><\/a>Raphaela Lehmann<\/strong><br \/>\nSchulsozialarbeit Burgschule Nagold<br \/>\nBurgstra\u00dfe 8, 72202 Nagold<\/p>\n<p>Telefon: 01573\/7968858<br \/>\n<a href=\"mailto:Raphaela.Lehmann@youznagold.de\">Raphaela.Lehmann@youznagold.de<\/a><\/p>\n<p>&nbsp;<\/p>\n<p>&nbsp;<\/p>\n<p>&nbsp;<br \/>\n<strong><a href=\"https:\/\/www.youznagold.de\/YOUZ2012\/wordpress\/wp-content\/uploads\/2026\/02\/Hannah-Heupel.jpg\"><img loading=\"lazy\" decoding=\"async\" class=\"alignleft wp-image-5396\" src=\"https:\/\/www.youznagold.de\/YOUZ2012\/wordpress\/wp-content\/uploads\/2026\/02\/Hannah-Heupel.jpg\" alt=\"\" width=\"200\" height=\"267\"><\/a>Hannah Heupel<\/strong><br \/>\nSchulsozialarbeit Burgschule Nagold<br \/>\nBurgstra\u00dfe 8, 72202 Nagold<\/p>\n<p>Telefon: 01520\/4902461<br \/>\n<a href=\"mailto:Hannah.Heupel@youznagold.de\">Hannah.Heupel@youznagold.de<\/a><\/p>\n<p>&nbsp;<\/p>\n<p>&nbsp;<\/p>\n<p>&nbsp;<\/p>\n<p>&nbsp;<\/p>\n<p><strong>Was ist Schulsozialarbeit?<\/strong><\/p>\n<p>Die Schulsozialarbeit ist ein Angebot f\u00fcr alle: f\u00fcr Sch\u00fcler*innen, f\u00fcr Eltern und f\u00fcr Lehrer*innen. Wir begleiten und unterst\u00fctzen euch im Schulalltag.<\/p>\n<p>&nbsp;<\/p>\n<p><strong>Das ist uns wichtig:<\/strong><\/p>\n<ul>\n<li><strong>Freiwillig: <\/strong>Jeder entscheidet selbst, das Angebot zu nutzen. Niemand wird gezwungen.<\/li>\n<li><strong>Geheim:<\/strong> Alles, was wir besprechen, bleibt unter uns. Wir erz\u00e4hlen es nicht weiter (Verschwiegenheit).<\/li>\n<li><strong>Neutral:<\/strong> Wir sind auf keiner Seite. Wir h\u00f6ren allen zu und helfen dabei, Streit fair zu l\u00f6sen.<\/li>\n<li><strong>Vernetzt:<\/strong> Wir kennen viele andere Fachleute und Hilfen, wenn wir allein nicht weiterkommen.<\/li>\n<\/ul>\n<p><strong><br \/>\nUnsere Angebote f\u00fcr Sch\u00fcler\/innen:<\/strong><\/p>\n<p>Manchmal ist der Alltag stressig \u2013 egal ob in der Schule, zu Hause oder im Internet.<br \/>\nWir helfen dir dabei, <strong>stark zu bleiben<\/strong> und L\u00f6sungen zu finden.<\/p>\n<p><strong>Gef\u00fchls-Chaos?<\/strong> Manchmal wei\u00df man selbst nicht, was los ist.<br \/>\nWir finden heraus, was hinter deiner Wut oder Traurigkeit steckt.<\/p>\n<p><strong>Stress &amp; \u00c4rger:<\/strong> Wie bleibst du cool, wenn dich jemand provoziert?<br \/>\nWir \u00fcben, wie du ruhig bleibst, ohne auszurasten.<\/p>\n<p><strong>Selbstvertrauen:<\/strong> Lerne, an dich selbst zu glauben und auch mal \u201eNein\u201c zu sagen.<\/p>\n<p><strong>\u00c4ngste:<\/strong> Egal ob Pr\u00fcfungsangst oder Sorgen zu Hause \u2013 du musst da nicht alleine durch.<\/p>\n<p>&nbsp;<\/p>\n<p><strong>Ich h\u00f6re zu:<\/strong> Du entscheidest, was wir besprechen.<br \/>\n<strong>Geheimnis:<\/strong> Ich erz\u00e4hle nichts weiter (nicht den Lehrern und nicht deinen Eltern).<br \/>\n<strong>Kostenlos:<\/strong> Du musst nichts bezahlen.<\/p>\n<p>&nbsp;<\/p>\n<p><strong><em>Einzelangebote:<\/em><\/strong><\/p>\n<ul>\n<li>Unterst\u00fctzung bei der L\u00f6sung von Konflikten<\/li>\n<li>Beratung und Zuh\u00f6ren bei Schwierigkeiten und Problemen<\/li>\n<li>Unterst\u00fctzung bei der Suche nach Praktikumsstellen<\/li>\n<\/ul>\n<p>&nbsp;<\/p>\n<p><strong><em>Gruppenangebote zum Thema:<\/em><\/strong><\/p>\n<p>Medien-Nutzung \u25cf Sucht-Gefahr \u25cf Gewalt-Schutz \u25cf Soziale Kompetenzen \u25cf Gef\u00fchle<\/p>\n<p><em>&nbsp;<\/em><\/p>\n<p><strong><em>Offenes Angebot in der gro\u00dfen Pause:<\/em><\/strong><\/p>\n<p>Mittel- und Oberstufe (Teatime)<br \/>\nUnterstufe (Playtime)<\/p>\n<p>&nbsp;<\/p>\n<p><strong>Ferienfreizeiten in den Oster- und den Sommerferien<\/strong><\/p>\n<p>&nbsp;<\/p>\n<p><strong>Unsere Angebote f\u00fcr Eltern:<\/strong><\/p>\n<p>Wir sind f\u00fcr Sie da.<\/p>\n<p>Haben Sie Fragen? Machen Sie sich Sorgen um Ihr Kind?<br \/>\nOder brauchen Sie einfach jemanden zum Reden?<\/p>\n<p>Wir helfen Ihnen gerne.<\/p>\n<ul>\n<li>Wir suchen gemeinsam nach einer L\u00f6sung bei:<\/li>\n<li>Erziehungsfragen<\/li>\n<li>Problemen innerhalb der Familie<\/li>\n<li>Problemen mit der Schule<\/li>\n<li>Kontaktaufnahme und Zusammenarbeit mit \u00c4mtern und Einrichtungen<\/li>\n<\/ul>\n<p>&nbsp;<\/p>\n<p>Wir freuen uns darauf, Sie kennenzulernen!<\/p>\n","protected":false},"excerpt":{"rendered":"<p>Unser Team an der Burgschule: Raphaela Lehmann Schulsozialarbeit Burgschule Nagold Burgstra\u00dfe 8, 72202 Nagold Telefon: 01573\/7968858 Raphaela.Lehmann@youznagold.de &nbsp; &nbsp; &nbsp; Hannah Heupel Schulsozialarbeit Burgschule Nagold Burgstra\u00dfe 8, 72202 Nagold Telefon: 01520\/4902461 Hannah.Heupel@youznagold.de &nbsp; &nbsp; &nbsp; &nbsp; Was ist Schulsozialarbeit? Die Schulsozialarbeit ist ein Angebot f\u00fcr alle: f\u00fcr Sch\u00fcler*innen, f\u00fcr Eltern und f\u00fcr Lehrer*innen. Wir begleiten [&hellip;]<\/p>\n","protected":false},"author":3,"featured_media":0,"parent":0,"menu_order":0,"comment_status":"closed","ping_status":"closed","template":"","meta":{"ngg_post_thumbnail":0,"footnotes":""},"class_list":["post-3408","page","type-page","status-publish","hentry"],"_links":{"self":[{"href":"https:\/\/www.youznagold.de\/YOUZ2012\/wordpress\/index.php?rest_route=\/wp\/v2\/pages\/3408","targetHints":{"allow":["GET"]}}],"collection":[{"href":"https:\/\/www.youznagold.de\/YOUZ2012\/wordpress\/index.php?rest_route=\/wp\/v2\/pages"}],"about":[{"href":"https:\/\/www.youznagold.de\/YOUZ2012\/wordpress\/index.php?rest_route=\/wp\/v2\/types\/page"}],"author":[{"embeddable":true,"href":"https:\/\/www.youznagold.de\/YOUZ2012\/wordpress\/index.php?rest_route=\/wp\/v2\/users\/3"}],"replies":[{"embeddable":true,"href":"https:\/\/www.youznagold.de\/YOUZ2012\/wordpress\/index.php?rest_route=%2Fwp%2Fv2%2Fcomments&post=3408"}],"version-history":[{"count":13,"href":"https:\/\/www.youznagold.de\/YOUZ2012\/wordpress\/index.php?rest_route=\/wp\/v2\/pages\/3408\/revisions"}],"predecessor-version":[{"id":6230,"href":"https:\/\/www.youznagold.de\/YOUZ2012\/wordpress\/index.php?rest_route=\/wp\/v2\/pages\/3408\/revisions\/6230"}],"wp:attachment":[{"href":"https:\/\/www.youznagold.de\/YOUZ2012\/wordpress\/index.php?rest_route=%2Fwp%2Fv2%2Fmedia&parent=3408"}],"curies":[{"name":"wp","href":"https:\/\/api.w.org\/{rel}","templated":true}]}}