{"id":3181,"date":"2017-09-13T17:49:45","date_gmt":"2017-09-13T15:49:45","guid":{"rendered":"http:\/\/www.youznagold.de\/YOUZ2012\/wordpress\/?page_id=3181"},"modified":"2026-01-14T13:28:11","modified_gmt":"2026-01-14T12:28:11","slug":"lembergschule","status":"publish","type":"page","link":"https:\/\/www.youznagold.de\/YOUZ2012\/wordpress\/?page_id=3181","title":{"rendered":"Lembergschule"},"content":{"rendered":"<h2><strong>Schulsozialarbeit<\/strong><\/h2>\r\n<div>\r\n<p>&nbsp;<\/p>\r\n<p><a href=\"https:\/\/www.youznagold.de\/YOUZ2012\/wordpress\/wp-content\/uploads\/2026\/01\/Antonia-Schrottwieser-scaled.jpeg\"><img loading=\"lazy\" decoding=\"async\" class=\"alignleft wp-image-6132\" src=\"https:\/\/www.youznagold.de\/YOUZ2012\/wordpress\/wp-content\/uploads\/2026\/01\/Antonia-Schrottwieser-scaled.jpeg\" alt=\"\" width=\"200\" height=\"356\" srcset=\"https:\/\/www.youznagold.de\/YOUZ2012\/wordpress\/wp-content\/uploads\/2026\/01\/Antonia-Schrottwieser-scaled.jpeg 1440w, https:\/\/www.youznagold.de\/YOUZ2012\/wordpress\/wp-content\/uploads\/2026\/01\/Antonia-Schrottwieser-169x300.jpeg 169w, https:\/\/www.youznagold.de\/YOUZ2012\/wordpress\/wp-content\/uploads\/2026\/01\/Antonia-Schrottwieser-576x1024.jpeg 576w, https:\/\/www.youznagold.de\/YOUZ2012\/wordpress\/wp-content\/uploads\/2026\/01\/Antonia-Schrottwieser-768x1365.jpeg 768w, https:\/\/www.youznagold.de\/YOUZ2012\/wordpress\/wp-content\/uploads\/2026\/01\/Antonia-Schrottwieser-864x1536.jpeg 864w, https:\/\/www.youznagold.de\/YOUZ2012\/wordpress\/wp-content\/uploads\/2026\/01\/Antonia-Schrottwieser-1152x2048.jpeg 1152w, https:\/\/www.youznagold.de\/YOUZ2012\/wordpress\/wp-content\/uploads\/2026\/01\/Antonia-Schrottwieser-660x1173.jpeg 660w, https:\/\/www.youznagold.de\/YOUZ2012\/wordpress\/wp-content\/uploads\/2026\/01\/Antonia-Schrottwieser-240x427.jpeg 240w\" sizes=\"auto, (max-width: 200px) 100vw, 200px\" \/><\/a><strong>Antonia Theresia Schrottwieser<\/strong><\/p>\r\n<p>W\u00e4hrend der Elternzeit von Frau Schuld \u00fcbernimmt Frau Schrottwieser die Pr\u00e4ventionsarbeit und ist daher montags und mittwochs bei uns an der Lembergschule.<\/p>\r\n<p>&nbsp;<\/p>\r\n<p>E-Mail: <a href=\"mailto:a.t.schrottwieser@gs-lemberg.de\">a.t.schrottwieser@gs-lemberg.de<\/a><br>B\u00fcro: Raum 211 (1. OG)<\/p>\r\nMehr Infos: <a href=\"https:\/\/www.lembergschule-nagold.de\/wer-wir-sind\/schulsozialarbeit\/?utm_source=copy&amp;utm_medium=paste&amp;utm_campaign=copypaste&amp;utm_content=https%3A%2F%2Fwww.lembergschule-nagold.de%2Fwer-wir-sind%2Fschulsozialarbeit%2F\">https:\/\/www.lembergschule-nagold.de\/wer-wir-sind\/schulsozialarbeit\/<\/a><\/div>\r\n<p>&nbsp;<\/p>\r\n<p>&nbsp;<\/p>\r\n<p>&nbsp;<\/p>\r\n<p><strong><a href=\"http:\/\/www.youznagold.de\/YOUZ2012\/wordpress\/wp-content\/uploads\/2012\/05\/IMG_5883-e1505316784981.jpg\"><img loading=\"lazy\" decoding=\"async\" class=\"alignleft size-medium wp-image-3173\" src=\"http:\/\/www.youznagold.de\/YOUZ2012\/wordpress\/wp-content\/uploads\/2012\/05\/IMG_5883-e1505316784981-200x300.jpg\" alt=\"\" width=\"200\" height=\"300\" srcset=\"https:\/\/www.youznagold.de\/YOUZ2012\/wordpress\/wp-content\/uploads\/2012\/05\/IMG_5883-e1505316784981-200x300.jpg 200w, https:\/\/www.youznagold.de\/YOUZ2012\/wordpress\/wp-content\/uploads\/2012\/05\/IMG_5883-e1505316784981-768x1152.jpg 768w, https:\/\/www.youznagold.de\/YOUZ2012\/wordpress\/wp-content\/uploads\/2012\/05\/IMG_5883-e1505316784981-683x1024.jpg 683w, https:\/\/www.youznagold.de\/YOUZ2012\/wordpress\/wp-content\/uploads\/2012\/05\/IMG_5883-e1505316784981-660x990.jpg 660w, https:\/\/www.youznagold.de\/YOUZ2012\/wordpress\/wp-content\/uploads\/2012\/05\/IMG_5883-e1505316784981-240x360.jpg 240w\" sizes=\"auto, (max-width: 200px) 100vw, 200px\" \/><\/a>Lara Schuld<\/strong><br>Schulsozialarbeit Lembergschule<br>Hohenbergerstr. 1<br>72202 Nagold<\/p>\r\n<p>Telefon: 0178 3238829<br><a href=\"mailto:Lara.Schuld@youznagold.de\">Lara.Schuld@youznagold.de<\/a><\/p>\r\n<p>&nbsp;<\/p>\r\n<p>&nbsp;<\/p>\r\n<p>&nbsp;<\/p>\r\n<p>Liebe Sch\u00fclerinnen und Sch\u00fcler, liebe Eltern und Erziehungsberechtigte, <br>liebe Lehrkr\u00e4fte,<\/p>\r\n<p>seit Beginn des Schuljahres 2017\/2018 bin ich an der Lembergschule als Schulsozialarbeiterin t\u00e4tig. <br>Die Tr\u00e4gerschaft f\u00fcr diese Stelle obliegt dem YOUZ Nagold e.V..<\/p>\r\n<p>Unter Schulsozialarbeit wird ein Angebot der Jugendhilfe verstanden, bei dem sozialp\u00e4dagogische Fachkr\u00e4fte kontinuierlich am Ort Schule t\u00e4tig sind und mit Lehrkr\u00e4ften auf einer verbindlich vereinbarten und gleichberechtigten Basis zusammenarbeiten. Ziel dieser Zusammenarbeit ist eine fundierte und zielorientierte F\u00f6rderung der <br>schulischen, individuellen und sozialen Entwicklung der Sch\u00fclerinnen und Sch\u00fcler. &nbsp;<\/p>\r\n<p>Neben der Aneignung von Unterrichtsinhalten durchleben Sch\u00fclerinnen und Sch\u00fcler <br>einer Grundschule enorme Entwicklungsschritte, bei der der ein oder die andere Hilfe und Unterst\u00fctzung ben\u00f6tigt. Diese Hilfe und Unterst\u00fctzung m\u00f6chte ich Ihnen, ihren <br>Kinder und den Lehrkr\u00e4ften bieten. Der Bereich von psychosozialen Beratungen, <br>pr\u00e4ventiven Angeboten, individuellen Einzelfallhilfen, Gruppenangeboten, offenen <br>Angeboten und Beratungen in Erziehungsfragen sind Teile meines Aufgabenbereichs. Nat\u00fcrlich finden dar\u00fcber hinaus auch pers\u00f6nliche Anliegen und Fragen einen Rahmen, indem diese besprochen werden k\u00f6nnen. Meine T\u00e4tigkeit unterliegt grunds\u00e4tzlich der Schweigepflicht an die ich mich auch stets halten werde. Falls jedoch die Hilfe von <br>Dritten bei einer Problembew\u00e4ltigung hilfreich sein k\u00f6nnte, werde ich Informationen weitergeben. Diese Weitergabe erfolgt aber nur mit dem Einverst\u00e4ndnis des\/der Beratenden.<\/p>\r\n<p>Bei Fragen oder der Vereinbarung eines Beratungstermins k\u00f6nnen Sie mich gerne <br>telefonisch oder per Email kontaktieren.<\/p>\r\n<p>\u00dcber eine gute Zusammenarbeit w\u00fcrde ich mich sehr freuen.<\/p>\r\n<p><strong>Download: <a href=\"https:\/\/www.youznagold.de\/YOUZ2012\/wordpress\/wp-content\/uploads\/2020\/09\/SSA-Flyer-Lemberg.pdf\">Flyer der Schulsozialarbeit Lembergschule<\/a><\/strong><\/p>\r\n<p>&nbsp;<\/p>\r\n\r\n<figure class=\"wp-block-image\"><img loading=\"lazy\" decoding=\"async\" width=\"822\" height=\"1024\" class=\"wp-image-4245\" src=\"https:\/\/www.youznagold.de\/YOUZ2012\/wordpress\/wp-content\/uploads\/2020\/02\/20-02-Schwabo-SSA-822x1024.jpg\" alt=\"\" srcset=\"https:\/\/www.youznagold.de\/YOUZ2012\/wordpress\/wp-content\/uploads\/2020\/02\/20-02-Schwabo-SSA-822x1024.jpg 822w, https:\/\/www.youznagold.de\/YOUZ2012\/wordpress\/wp-content\/uploads\/2020\/02\/20-02-Schwabo-SSA-241x300.jpg 241w, https:\/\/www.youznagold.de\/YOUZ2012\/wordpress\/wp-content\/uploads\/2020\/02\/20-02-Schwabo-SSA-768x957.jpg 768w, https:\/\/www.youznagold.de\/YOUZ2012\/wordpress\/wp-content\/uploads\/2020\/02\/20-02-Schwabo-SSA-660x823.jpg 660w, https:\/\/www.youznagold.de\/YOUZ2012\/wordpress\/wp-content\/uploads\/2020\/02\/20-02-Schwabo-SSA-240x299.jpg 240w, https:\/\/www.youznagold.de\/YOUZ2012\/wordpress\/wp-content\/uploads\/2020\/02\/20-02-Schwabo-SSA.jpg 1388w\" sizes=\"auto, (max-width: 822px) 100vw, 822px\" \/><\/figure>\r\n","protected":false},"excerpt":{"rendered":"<p>Schulsozialarbeit &nbsp; Antonia Theresia Schrottwieser W\u00e4hrend der Elternzeit von Frau Schuld \u00fcbernimmt Frau Schrottwieser die Pr\u00e4ventionsarbeit und ist daher montags und mittwochs bei uns an der Lembergschule. &nbsp; E-Mail: a.t.schrottwieser@gs-lemberg.deB\u00fcro: Raum 211 (1. OG) Mehr Infos: https:\/\/www.lembergschule-nagold.de\/wer-wir-sind\/schulsozialarbeit\/ &nbsp; &nbsp; &nbsp; Lara SchuldSchulsozialarbeit LembergschuleHohenbergerstr. 172202 Nagold Telefon: 0178 3238829Lara.Schuld@youznagold.de &nbsp; &nbsp; &nbsp; Liebe Sch\u00fclerinnen und Sch\u00fcler, [&hellip;]<\/p>\n","protected":false},"author":3,"featured_media":0,"parent":0,"menu_order":0,"comment_status":"closed","ping_status":"closed","template":"","meta":{"ngg_post_thumbnail":0,"footnotes":""},"class_list":["post-3181","page","type-page","status-publish","hentry"],"_links":{"self":[{"href":"https:\/\/www.youznagold.de\/YOUZ2012\/wordpress\/index.php?rest_route=\/wp\/v2\/pages\/3181","targetHints":{"allow":["GET"]}}],"collection":[{"href":"https:\/\/www.youznagold.de\/YOUZ2012\/wordpress\/index.php?rest_route=\/wp\/v2\/pages"}],"about":[{"href":"https:\/\/www.youznagold.de\/YOUZ2012\/wordpress\/index.php?rest_route=\/wp\/v2\/types\/page"}],"author":[{"embeddable":true,"href":"https:\/\/www.youznagold.de\/YOUZ2012\/wordpress\/index.php?rest_route=\/wp\/v2\/users\/3"}],"replies":[{"embeddable":true,"href":"https:\/\/www.youznagold.de\/YOUZ2012\/wordpress\/index.php?rest_route=%2Fwp%2Fv2%2Fcomments&post=3181"}],"version-history":[{"count":11,"href":"https:\/\/www.youznagold.de\/YOUZ2012\/wordpress\/index.php?rest_route=\/wp\/v2\/pages\/3181\/revisions"}],"predecessor-version":[{"id":6134,"href":"https:\/\/www.youznagold.de\/YOUZ2012\/wordpress\/index.php?rest_route=\/wp\/v2\/pages\/3181\/revisions\/6134"}],"wp:attachment":[{"href":"https:\/\/www.youznagold.de\/YOUZ2012\/wordpress\/index.php?rest_route=%2Fwp%2Fv2%2Fmedia&parent=3181"}],"curies":[{"name":"wp","href":"https:\/\/api.w.org\/{rel}","templated":true}]}}