{"id":217,"date":"2012-05-02T14:51:49","date_gmt":"2012-05-02T14:51:49","guid":{"rendered":"http:\/\/www.youznagold.de\/YOUZ2012\/wordpress\/?page_id=217"},"modified":"2018-01-03T14:35:27","modified_gmt":"2018-01-03T13:35:27","slug":"fotos-2012","status":"publish","type":"page","link":"https:\/\/www.youznagold.de\/YOUZ2012\/wordpress\/?page_id=217","title":{"rendered":"Fotos 2012"},"content":{"rendered":"<p>Boxen mit Johann<\/p>\nngg_shortcode_0_placeholder\n<p>&nbsp;<\/p>\n<p>Kunstprojekt<\/p>\nngg_shortcode_1_placeholder\n<p>&nbsp;<\/p>\n<p>Gartenmesse<\/p>\nngg_shortcode_2_placeholder\n<p>&nbsp;<\/p>\n<p>L\u00e4nderabend Mauritius<\/p>\nngg_shortcode_3_placeholder\n<p>&nbsp;<\/p>\n<p>Play Live Konzert<\/p>\nngg_shortcode_4_placeholder\n<p>&nbsp;<\/p>\n<p>Youz-Nacht im Oktober<\/p>\nngg_shortcode_5_placeholder\n<p>&nbsp;<\/p>\n<p>Sommermalkurs im B\u00fcrgerhaus<\/p>\nngg_shortcode_6_placeholder\n<p>&nbsp;<\/p>\n<p>T\u00fcrkeiaustausch<\/p>\nngg_shortcode_7_placeholder\n<p>&nbsp;<\/p>\n<p>Hellbash<\/p>\nngg_shortcode_8_placeholder\n<p>&nbsp;<\/p>\n<p>Unsere Freiwilligen<\/p>\nngg_shortcode_9_placeholder\n<p>&nbsp;<\/p>\n<p>T\u00fcrkische Folkloretanzgruppe<\/p>\nngg_shortcode_10_placeholder\n<p>&nbsp;<\/p>\n<p>Youz-Nacht und Fu\u00dfballturnier im November<\/p>\nngg_shortcode_11_placeholder\n<p>&nbsp;<\/p>\n<p>Kochduell im November<\/p>\nngg_shortcode_12_placeholder\n<p>&nbsp;<\/p>\n<p>Weihnachtsmarkt<\/p>\nngg_shortcode_13_placeholder\n<p>&nbsp;<\/p>\n<p>X-Mas Konzert<\/p>\nngg_shortcode_14_placeholder\n<p>&nbsp;<\/p>\n<p>Das&nbsp; Youz im Dezember<\/p>\nngg_shortcode_15_placeholder\n","protected":false},"excerpt":{"rendered":"<p>Boxen mit Johann &nbsp; Kunstprojekt &nbsp; Gartenmesse &nbsp; L\u00e4nderabend Mauritius &nbsp; Play Live Konzert &nbsp; Youz-Nacht im Oktober &nbsp; Sommermalkurs im B\u00fcrgerhaus &nbsp; T\u00fcrkeiaustausch &nbsp; Hellbash &nbsp; Unsere Freiwilligen &nbsp; T\u00fcrkische Folkloretanzgruppe &nbsp; Youz-Nacht und Fu\u00dfballturnier im November &nbsp; Kochduell im November &nbsp; Weihnachtsmarkt &nbsp; X-Mas Konzert &nbsp; Das&nbsp; Youz im Dezember<\/p>\n","protected":false},"author":3,"featured_media":0,"parent":0,"menu_order":0,"comment_status":"closed","ping_status":"closed","template":"","meta":{"ngg_post_thumbnail":0,"footnotes":""},"class_list":["post-217","page","type-page","status-publish","hentry"],"_links":{"self":[{"href":"https:\/\/www.youznagold.de\/YOUZ2012\/wordpress\/index.php?rest_route=\/wp\/v2\/pages\/217","targetHints":{"allow":["GET"]}}],"collection":[{"href":"https:\/\/www.youznagold.de\/YOUZ2012\/wordpress\/index.php?rest_route=\/wp\/v2\/pages"}],"about":[{"href":"https:\/\/www.youznagold.de\/YOUZ2012\/wordpress\/index.php?rest_route=\/wp\/v2\/types\/page"}],"author":[{"embeddable":true,"href":"https:\/\/www.youznagold.de\/YOUZ2012\/wordpress\/index.php?rest_route=\/wp\/v2\/users\/3"}],"replies":[{"embeddable":true,"href":"https:\/\/www.youznagold.de\/YOUZ2012\/wordpress\/index.php?rest_route=%2Fwp%2Fv2%2Fcomments&post=217"}],"version-history":[{"count":101,"href":"https:\/\/www.youznagold.de\/YOUZ2012\/wordpress\/index.php?rest_route=\/wp\/v2\/pages\/217\/revisions"}],"predecessor-version":[{"id":3524,"href":"https:\/\/www.youznagold.de\/YOUZ2012\/wordpress\/index.php?rest_route=\/wp\/v2\/pages\/217\/revisions\/3524"}],"wp:attachment":[{"href":"https:\/\/www.youznagold.de\/YOUZ2012\/wordpress\/index.php?rest_route=%2Fwp%2Fv2%2Fmedia&parent=217"}],"curies":[{"name":"wp","href":"https:\/\/api.w.org\/{rel}","templated":true}]}}