{"id":137,"date":"2012-05-02T13:30:09","date_gmt":"2012-05-02T13:30:09","guid":{"rendered":"http:\/\/www.youznagold.de\/YOUZ2012\/wordpress\/?page_id=137"},"modified":"2022-11-24T10:10:44","modified_gmt":"2022-11-24T09:10:44","slug":"angebote","status":"publish","type":"page","link":"https:\/\/www.youznagold.de\/YOUZ2012\/wordpress\/?page_id=137","title":{"rendered":"Angebote"},"content":{"rendered":"<h2><strong>Offene Jugendarbeit<\/strong><\/h2>\n<p>Mobil: 01511 97 80 021 (erreichbar w\u00e4hrend der \u00d6ffnungszeiten)<\/p>\n<p><strong>Was bieten wir?<\/strong><\/p>\n<ul>\n<li>Viele R\u00e4ume zum Treffen und chillen<\/li>\n<li>Kostenlose Spiele, Playstation, Kicker, Billard, Tischtennis und Internet<\/li>\n<li>G\u00fcnstige und leckere Snacks und Getr\u00e4nke<\/li>\n<li>Du hast Ideen und willst sie umsetzen? Komm zu uns!<\/li>\n<li>Du hast Probleme in der Familie, der Schule oder mit anderen und willst mit jemandem sprechen?<br \/>\nWir geben keine Geheimnisse weiter und suchen mit dir eine L\u00f6sung!<\/li>\n<li>Unterst\u00fctzung bei Bewerbungen<\/li>\n<li>Vieles mehr!<\/li>\n<\/ul>\n<p>Das Jugendhaus ist offen f\u00fcr alle Jugendlichen zwischen 12 und 22 Jahren.<\/p>\n<h2><strong>Unser Wochenprogramm<\/strong><strong>&nbsp;<\/strong><\/h2>\n<p><strong>Montags&nbsp;&nbsp;&nbsp; <\/strong>14.00 Uhr:&nbsp; Jungs- &amp; M\u00e4dchengruppe der Burgschule im YOUZ<br \/>\n<strong>Dienstags&nbsp; <\/strong>14.00 Uhr:&nbsp; Jungs- &amp; M\u00e4dchengruppe der Zellerschule im YOUZ<br \/>\n<strong>Mittwochs<\/strong> 16:30 Uhr: Sport in der Stadthalle<br \/>\n<strong>Freitags&nbsp;&nbsp;&nbsp;&nbsp; <\/strong>gibt es Abends immer einen leckeren g\u00fcnstigen Snack!<\/p>\n<h2><strong>Spezielle Angebote<\/strong><\/h2>\n<p><strong>Freizeiten<\/strong>:<a href=\"http:\/\/www.youznagold.de\/YOUZ2012\/wordpress\/wp-content\/uploads\/2012\/05\/YOUZ-Abfahrt.jpg\"><img loading=\"lazy\" decoding=\"async\" class=\"wp-image-2935 size-medium alignright\" src=\"http:\/\/www.youznagold.de\/YOUZ2012\/wordpress\/wp-content\/uploads\/2012\/05\/YOUZ-Abfahrt-300x168.jpg\" width=\"300\" height=\"168\" srcset=\"https:\/\/www.youznagold.de\/YOUZ2012\/wordpress\/wp-content\/uploads\/2012\/05\/YOUZ-Abfahrt-300x168.jpg 300w, https:\/\/www.youznagold.de\/YOUZ2012\/wordpress\/wp-content\/uploads\/2012\/05\/YOUZ-Abfahrt-768x431.jpg 768w, https:\/\/www.youznagold.de\/YOUZ2012\/wordpress\/wp-content\/uploads\/2012\/05\/YOUZ-Abfahrt-1024x574.jpg 1024w, https:\/\/www.youznagold.de\/YOUZ2012\/wordpress\/wp-content\/uploads\/2012\/05\/YOUZ-Abfahrt-660x370.jpg 660w, https:\/\/www.youznagold.de\/YOUZ2012\/wordpress\/wp-content\/uploads\/2012\/05\/YOUZ-Abfahrt-240x135.jpg 240w\" sizes=\"auto, (max-width: 300px) 100vw, 300px\" \/><\/a><br \/>\nIn den Ferien veranstalten wir kosteng\u00fcnstige Freizeiten f\u00fcr Jugendliche. Informationen hierzu werden immer rechtzeitig bekannt gegeben.<\/p>\n<p>&nbsp;<\/p>\n<p><strong><a href=\"http:\/\/www.youznagold.de\/YOUZ2012\/wordpress\/wp-content\/uploads\/2012\/05\/P60518-175523_1.jpg\"><img loading=\"lazy\" decoding=\"async\" class=\"wp-image-2934 size-medium alignleft\" src=\"http:\/\/www.youznagold.de\/YOUZ2012\/wordpress\/wp-content\/uploads\/2012\/05\/P60518-175523_1-300x169.jpg\" width=\"300\" height=\"169\" srcset=\"https:\/\/www.youznagold.de\/YOUZ2012\/wordpress\/wp-content\/uploads\/2012\/05\/P60518-175523_1-300x169.jpg 300w, https:\/\/www.youznagold.de\/YOUZ2012\/wordpress\/wp-content\/uploads\/2012\/05\/P60518-175523_1-768x432.jpg 768w, https:\/\/www.youznagold.de\/YOUZ2012\/wordpress\/wp-content\/uploads\/2012\/05\/P60518-175523_1-1024x576.jpg 1024w, https:\/\/www.youznagold.de\/YOUZ2012\/wordpress\/wp-content\/uploads\/2012\/05\/P60518-175523_1-660x371.jpg 660w, https:\/\/www.youznagold.de\/YOUZ2012\/wordpress\/wp-content\/uploads\/2012\/05\/P60518-175523_1-240x135.jpg 240w\" sizes=\"auto, (max-width: 300px) 100vw, 300px\" \/><\/a><\/strong><\/p>\n<p><strong>Aktionen:<br \/>\n<\/strong>Immer wieder starten wir kleine Ausfl\u00fcge und Events. Gerne k\u00f6nnt ihr auch mit einer Idee f\u00fcr eine Veranstaltung auf uns zukommen!<\/p>\n<p>&nbsp;<\/p>\n<p>Internationale Workcamps:<a href=\"http:\/\/www.youznagold.de\/YOUZ2012\/wordpress\/wp-content\/uploads\/2012\/05\/IMG_0903.jpg\"><img loading=\"lazy\" decoding=\"async\" class=\"size-medium wp-image-2936 alignright\" src=\"http:\/\/www.youznagold.de\/YOUZ2012\/wordpress\/wp-content\/uploads\/2012\/05\/IMG_0903-300x200.jpg\" alt=\"\" width=\"300\" height=\"200\" srcset=\"https:\/\/www.youznagold.de\/YOUZ2012\/wordpress\/wp-content\/uploads\/2012\/05\/IMG_0903-300x200.jpg 300w, https:\/\/www.youznagold.de\/YOUZ2012\/wordpress\/wp-content\/uploads\/2012\/05\/IMG_0903-768x512.jpg 768w, https:\/\/www.youznagold.de\/YOUZ2012\/wordpress\/wp-content\/uploads\/2012\/05\/IMG_0903-1024x683.jpg 1024w, https:\/\/www.youznagold.de\/YOUZ2012\/wordpress\/wp-content\/uploads\/2012\/05\/IMG_0903-660x440.jpg 660w, https:\/\/www.youznagold.de\/YOUZ2012\/wordpress\/wp-content\/uploads\/2012\/05\/IMG_0903-240x160.jpg 240w\" sizes=\"auto, (max-width: 300px) 100vw, 300px\" \/><\/a><br \/>\nSeit 1995 kommen im Sommer regelm\u00e4\u00dfig Jugendliche aus der ganzen Welt zu uns nach Nagold, um zwei Wochen lang gemeinsam eine gemeinn\u00fctzige Arbeit zu erledigen. Sie leben dann im YOUZ und werden von uns liebevoll versorgt und es gibt nicht nur Arbeit sondern auch viele tolle Ausfl\u00fcge, die wir gemeinsam mit unseren Workcamplern unternehmen.<\/p>\n<p><strong>Jugendaustauschprogramme:<br \/>\n<\/strong>Jedes Jahr bekommen wir Besuch von Studenten der <strong>Universit\u00e4t Pumukkale in der T\u00fcrkei<\/strong>. Die Studenten verbringen eine Woche gemeinsam mit unseren Jugendlichen in und um Nagold und nehmen unvergessliche Erfahrungen aus Deutschland mit nach Hause. Besuche in Nagolder Unternehmen stehen ebenso auf dem Programm wie ein angeregter Austausch mit Nagolder Schulklassen.<\/p>\n<h2><strong>Kooperationen<\/strong><\/h2>\n<p>Aktuell bestehen Kooperationen mit&nbsp; der Zellerschule und dem OHG, sowie den jeweiligen VKL Klassen dieser Schulen.<\/p>\n<p>Die Lebenshilfe Nagold besucht uns regelm\u00e4\u00dfig in unseren \u00d6ffnungszeiten und veranstaltet ein Sommer-Musikprojekt&nbsp; in unserem Haus.<\/p>\n<p>Schulklassen, Vereine etc k\u00f6nnen gerne auf uns zukommen f\u00fcr gemeinsame Events oder Projekte!!<\/p>\n<h2>Konzeption<\/h2>\n<p>Unsere Konzeption gibt es hier als Download: <a href=\"https:\/\/www.youznagold.de\/YOUZ2012\/wordpress\/wp-content\/uploads\/2022\/02\/Konzeption-YOUZ-2022.pdf\">Konzeption YOUZ 2022<\/a><\/p>\n","protected":false},"excerpt":{"rendered":"<p>Offene Jugendarbeit Mobil: 01511 97 80 021 (erreichbar w\u00e4hrend der \u00d6ffnungszeiten) Was bieten wir? Viele R\u00e4ume zum Treffen und chillen Kostenlose Spiele, Playstation, Kicker, Billard, Tischtennis und Internet G\u00fcnstige und leckere Snacks und Getr\u00e4nke Du hast Ideen und willst sie umsetzen? Komm zu uns! Du hast Probleme in der Familie, der Schule oder mit anderen [&hellip;]<\/p>\n","protected":false},"author":3,"featured_media":0,"parent":0,"menu_order":0,"comment_status":"closed","ping_status":"closed","template":"","meta":{"ngg_post_thumbnail":0,"footnotes":""},"class_list":["post-137","page","type-page","status-publish","hentry"],"_links":{"self":[{"href":"https:\/\/www.youznagold.de\/YOUZ2012\/wordpress\/index.php?rest_route=\/wp\/v2\/pages\/137","targetHints":{"allow":["GET"]}}],"collection":[{"href":"https:\/\/www.youznagold.de\/YOUZ2012\/wordpress\/index.php?rest_route=\/wp\/v2\/pages"}],"about":[{"href":"https:\/\/www.youznagold.de\/YOUZ2012\/wordpress\/index.php?rest_route=\/wp\/v2\/types\/page"}],"author":[{"embeddable":true,"href":"https:\/\/www.youznagold.de\/YOUZ2012\/wordpress\/index.php?rest_route=\/wp\/v2\/users\/3"}],"replies":[{"embeddable":true,"href":"https:\/\/www.youznagold.de\/YOUZ2012\/wordpress\/index.php?rest_route=%2Fwp%2Fv2%2Fcomments&post=137"}],"version-history":[{"count":39,"href":"https:\/\/www.youznagold.de\/YOUZ2012\/wordpress\/index.php?rest_route=\/wp\/v2\/pages\/137\/revisions"}],"predecessor-version":[{"id":5315,"href":"https:\/\/www.youznagold.de\/YOUZ2012\/wordpress\/index.php?rest_route=\/wp\/v2\/pages\/137\/revisions\/5315"}],"wp:attachment":[{"href":"https:\/\/www.youznagold.de\/YOUZ2012\/wordpress\/index.php?rest_route=%2Fwp%2Fv2%2Fmedia&parent=137"}],"curies":[{"name":"wp","href":"https:\/\/api.w.org\/{rel}","templated":true}]}}